{"id":9,"date":"2015-12-02T08:55:12","date_gmt":"2015-12-02T14:55:12","guid":{"rendered":"http:\/\/providenceplastics.com\/es\/?page_id=9"},"modified":"2017-07-17T17:13:02","modified_gmt":"2017-07-17T23:13:02","slug":"comunidad","status":"publish","type":"page","link":"https:\/\/providenceplastics.com\/es\/comunidad\/","title":{"rendered":"Comunidad"},"content":{"rendered":"<p><img decoding=\"async\" loading=\"lazy\" class=\"alignnone size-full wp-image-239\" src=\"http:\/\/providenceplastics.com\/es\/wp-content\/uploads\/2017\/07\/community-min.jpg\" alt=\"\" width=\"930\" height=\"328\" \/><\/p>\n<p>Mucho m\u00e1s que s\u00f3lo piezas de pl\u00e1stico. Providence Plastics est\u00e1 comprometida con nuestra comunidad. Para crear oportunidades iguales y aumentar la sensibilidad en nuestro negocio integramos a los miembros del equipo con diversas discapacidades. Nuestra visi\u00f3n es crear un ciclo virtuoso: dando a nuestra comunidad generaremos m\u00e1s negocios lo cual nos dar\u00e1 el privilegio de devolver a\u00fan m\u00e1s. Te invitamos a participar en este c\u00edrculo virtuoso con nosotros.<\/p>\n","protected":false},"excerpt":{"rendered":"<p>Mucho m\u00e1s que s\u00f3lo piezas de pl\u00e1stico. Providence Plastics est\u00e1 comprometida con nuestra comunidad. Para crear oportunidades iguales y aumentar la sensibilidad en nuestro negocio integramos a los miembros del equipo con diversas discapacidades. Nuestra visi\u00f3n es crear un ciclo virtuoso: dando a nuestra comunidad generaremos m\u00e1s negocios lo cual nos dar\u00e1 el privilegio de [&hellip;]<\/p>\n","protected":false},"author":1,"featured_media":0,"parent":0,"menu_order":0,"comment_status":"closed","ping_status":"closed","template":"","meta":[],"yoast_head":"<!-- This site is optimized with the Yoast SEO plugin v20.11 - https:\/\/yoast.com\/wordpress\/plugins\/seo\/ -->\n<title>Empresa fabricante de moldes, Empresas de inyecci\u00f3n plasticos, moldeo por inyecci\u00f3n<\/title>\n<meta name=\"description\" content=\"Empresa fabricante de moldes, Empresas de inyecci\u00f3n plasticos, moldeo por inyecci\u00f3n, maquila de inyecci\u00f3n de plasticos\" \/>\n<meta name=\"robots\" content=\"index, follow, max-snippet:-1, max-image-preview:large, max-video-preview:-1\" \/>\n<link rel=\"canonical\" href=\"https:\/\/providenceplastics.com\/es\/comunidad\/\" \/>\n<meta property=\"og:locale\" content=\"es_ES\" \/>\n<meta property=\"og:type\" content=\"article\" \/>\n<meta property=\"og:title\" content=\"Empresa fabricante de moldes, Empresas de inyecci\u00f3n plasticos, moldeo por inyecci\u00f3n\" \/>\n<meta property=\"og:description\" content=\"Empresa fabricante de moldes, Empresas de inyecci\u00f3n plasticos, moldeo por inyecci\u00f3n, maquila de inyecci\u00f3n de plasticos\" \/>\n<meta property=\"og:url\" content=\"https:\/\/providenceplastics.com\/es\/comunidad\/\" \/>\n<meta property=\"og:site_name\" content=\"Providence Plastics\" \/>\n<meta property=\"article:modified_time\" content=\"2017-07-17T23:13:02+00:00\" \/>\n<meta property=\"og:image\" content=\"http:\/\/providenceplastics.com\/es\/wp-content\/uploads\/2017\/07\/community-min.jpg\" \/>\n<meta name=\"twitter:card\" content=\"summary_large_image\" \/>\n<script type=\"application\/ld+json\" class=\"yoast-schema-graph\">{\"@context\":\"https:\/\/schema.org\",\"@graph\":[{\"@type\":\"WebPage\",\"@id\":\"https:\/\/providenceplastics.com\/es\/comunidad\/\",\"url\":\"https:\/\/providenceplastics.com\/es\/comunidad\/\",\"name\":\"Empresa fabricante de moldes, Empresas de inyecci\u00f3n plasticos, moldeo por inyecci\u00f3n\",\"isPartOf\":{\"@id\":\"https:\/\/providenceplastics.com\/es\/#website\"},\"datePublished\":\"2015-12-02T14:55:12+00:00\",\"dateModified\":\"2017-07-17T23:13:02+00:00\",\"description\":\"Empresa fabricante de moldes, Empresas de inyecci\u00f3n plasticos, moldeo por inyecci\u00f3n, maquila de inyecci\u00f3n de plasticos\",\"breadcrumb\":{\"@id\":\"https:\/\/providenceplastics.com\/es\/comunidad\/#breadcrumb\"},\"inLanguage\":\"es\",\"potentialAction\":[{\"@type\":\"ReadAction\",\"target\":[\"https:\/\/providenceplastics.com\/es\/comunidad\/\"]}]},{\"@type\":\"BreadcrumbList\",\"@id\":\"https:\/\/providenceplastics.com\/es\/comunidad\/#breadcrumb\",\"itemListElement\":[{\"@type\":\"ListItem\",\"position\":1,\"name\":\"Home\",\"item\":\"https:\/\/providenceplastics.com\/es\/\"},{\"@type\":\"ListItem\",\"position\":2,\"name\":\"Comunidad\"}]},{\"@type\":\"WebSite\",\"@id\":\"https:\/\/providenceplastics.com\/es\/#website\",\"url\":\"https:\/\/providenceplastics.com\/es\/\",\"name\":\"Providence Plastics\",\"description\":\"\",\"potentialAction\":[{\"@type\":\"SearchAction\",\"target\":{\"@type\":\"EntryPoint\",\"urlTemplate\":\"https:\/\/providenceplastics.com\/es\/?s={search_term_string}\"},\"query-input\":\"required name=search_term_string\"}],\"inLanguage\":\"es\"}]}<\/script>\n<!-- \/ Yoast SEO plugin. -->","yoast_head_json":{"title":"Empresa fabricante de moldes, Empresas de inyecci\u00f3n plasticos, moldeo por inyecci\u00f3n","description":"Empresa fabricante de moldes, Empresas de inyecci\u00f3n plasticos, moldeo por inyecci\u00f3n, maquila de inyecci\u00f3n de plasticos","robots":{"index":"index","follow":"follow","max-snippet":"max-snippet:-1","max-image-preview":"max-image-preview:large","max-video-preview":"max-video-preview:-1"},"canonical":"https:\/\/providenceplastics.com\/es\/comunidad\/","og_locale":"es_ES","og_type":"article","og_title":"Empresa fabricante de moldes, Empresas de inyecci\u00f3n plasticos, moldeo por inyecci\u00f3n","og_description":"Empresa fabricante de moldes, Empresas de inyecci\u00f3n plasticos, moldeo por inyecci\u00f3n, maquila de inyecci\u00f3n de plasticos","og_url":"https:\/\/providenceplastics.com\/es\/comunidad\/","og_site_name":"Providence Plastics","article_modified_time":"2017-07-17T23:13:02+00:00","og_image":[{"url":"http:\/\/providenceplastics.com\/es\/wp-content\/uploads\/2017\/07\/community-min.jpg"}],"twitter_card":"summary_large_image","schema":{"@context":"https:\/\/schema.org","@graph":[{"@type":"WebPage","@id":"https:\/\/providenceplastics.com\/es\/comunidad\/","url":"https:\/\/providenceplastics.com\/es\/comunidad\/","name":"Empresa fabricante de moldes, Empresas de inyecci\u00f3n plasticos, moldeo por inyecci\u00f3n","isPartOf":{"@id":"https:\/\/providenceplastics.com\/es\/#website"},"datePublished":"2015-12-02T14:55:12+00:00","dateModified":"2017-07-17T23:13:02+00:00","description":"Empresa fabricante de moldes, Empresas de inyecci\u00f3n plasticos, moldeo por inyecci\u00f3n, maquila de inyecci\u00f3n de plasticos","breadcrumb":{"@id":"https:\/\/providenceplastics.com\/es\/comunidad\/#breadcrumb"},"inLanguage":"es","potentialAction":[{"@type":"ReadAction","target":["https:\/\/providenceplastics.com\/es\/comunidad\/"]}]},{"@type":"BreadcrumbList","@id":"https:\/\/providenceplastics.com\/es\/comunidad\/#breadcrumb","itemListElement":[{"@type":"ListItem","position":1,"name":"Home","item":"https:\/\/providenceplastics.com\/es\/"},{"@type":"ListItem","position":2,"name":"Comunidad"}]},{"@type":"WebSite","@id":"https:\/\/providenceplastics.com\/es\/#website","url":"https:\/\/providenceplastics.com\/es\/","name":"Providence Plastics","description":"","potentialAction":[{"@type":"SearchAction","target":{"@type":"EntryPoint","urlTemplate":"https:\/\/providenceplastics.com\/es\/?s={search_term_string}"},"query-input":"required name=search_term_string"}],"inLanguage":"es"}]}},"_links":{"self":[{"href":"https:\/\/providenceplastics.com\/es\/wp-json\/wp\/v2\/pages\/9"}],"collection":[{"href":"https:\/\/providenceplastics.com\/es\/wp-json\/wp\/v2\/pages"}],"about":[{"href":"https:\/\/providenceplastics.com\/es\/wp-json\/wp\/v2\/types\/page"}],"author":[{"embeddable":true,"href":"https:\/\/providenceplastics.com\/es\/wp-json\/wp\/v2\/users\/1"}],"replies":[{"embeddable":true,"href":"https:\/\/providenceplastics.com\/es\/wp-json\/wp\/v2\/comments?post=9"}],"version-history":[{"count":11,"href":"https:\/\/providenceplastics.com\/es\/wp-json\/wp\/v2\/pages\/9\/revisions"}],"predecessor-version":[{"id":247,"href":"https:\/\/providenceplastics.com\/es\/wp-json\/wp\/v2\/pages\/9\/revisions\/247"}],"wp:attachment":[{"href":"https:\/\/providenceplastics.com\/es\/wp-json\/wp\/v2\/media?parent=9"}],"curies":[{"name":"wp","href":"https:\/\/api.w.org\/{rel}","templated":true}]}}