{"id":7,"date":"2015-12-02T08:54:43","date_gmt":"2015-12-02T14:54:43","guid":{"rendered":"http:\/\/providenceplastics.com\/es\/?page_id=7"},"modified":"2017-07-24T16:43:59","modified_gmt":"2017-07-24T22:43:59","slug":"mision-vision-y-valores","status":"publish","type":"page","link":"https:\/\/providenceplastics.com\/es\/mision-vision-y-valores\/","title":{"rendered":"Misi\u00f3n, Visi\u00f3n y Valores"},"content":{"rendered":"<h4>Misi\u00f3n<\/h4>\n<p>Utilizando nuestra experiencia y talento, generaremos estabilidad econ\u00f3mica sostenible para todos los miembros de nuestro equipo, ofreciendo el mercado de productos moldeados por inyecci\u00f3n termopl\u00e1sticos de valor a\u00f1adido y servicios relacionados que superar\u00e1n las expectativas de nuestros clientes.<\/p>\n<h4>Visi\u00f3n 2016-2020<\/h4>\n<p>Ampliar nuestra presencia en M\u00e9xico y Estados Unidos con productos y servicios de valor agregado altamente especializados que generan un notable beneficio econ\u00f3mico y social.<\/p>\n<h4>Valores<\/h4>\n<p>Somos una empresa fundada en valores s\u00f3lidos que busca:<\/p>\n<ul class=\"list-1 p6-1\">\n<li>Crear un entorno de trabajo para nuestros empleados que sea una extensi\u00f3n de la familia.<\/li>\n<li>Conservar nuestros recursos naturales y respetar nuestro medio ambiente.<\/li>\n<li>Crear empleos que empoderen a cada uno de nuestros empleados para que sepan que son fundamentales para nuestro \u00e9xito.<\/li>\n<li>Sea un modelo en nuestra comunidad creando un c\u00edrculo virtuoso de prosperidad.<\/li>\n<li>Anime a cada persona a esforzarse continuamente para alcanzar su m\u00e1ximo potencial, talento y creatividad.<\/li>\n<\/ul>\n","protected":false},"excerpt":{"rendered":"<p>Misi\u00f3n Utilizando nuestra experiencia y talento, generaremos estabilidad econ\u00f3mica sostenible para todos los miembros de nuestro equipo, ofreciendo el mercado de productos moldeados por inyecci\u00f3n termopl\u00e1sticos de valor a\u00f1adido y servicios relacionados que superar\u00e1n las expectativas de nuestros clientes. Visi\u00f3n 2016-2020 Ampliar nuestra presencia en M\u00e9xico y Estados Unidos con productos y servicios de valor [&hellip;]<\/p>\n","protected":false},"author":1,"featured_media":0,"parent":0,"menu_order":0,"comment_status":"closed","ping_status":"closed","template":"","meta":[],"yoast_head":"<!-- This site is optimized with the Yoast SEO plugin v20.11 - https:\/\/yoast.com\/wordpress\/plugins\/seo\/ -->\n<title>Inyecci\u00f3n de productos de thermoplastico, fabricaci\u00f3n de moldes mexico, iiyecci\u00f3n plastico mexico<\/title>\n<meta name=\"description\" content=\"Inyecci\u00f3n de productos de thermoplastico, fabricaci\u00f3n de moldes mexico, iiyecci\u00f3n plastico mexico\" \/>\n<meta name=\"robots\" content=\"index, follow, max-snippet:-1, max-image-preview:large, max-video-preview:-1\" \/>\n<link rel=\"canonical\" href=\"https:\/\/providenceplastics.com\/es\/mision-vision-y-valores\/\" \/>\n<meta property=\"og:locale\" content=\"es_ES\" \/>\n<meta property=\"og:type\" content=\"article\" \/>\n<meta property=\"og:title\" content=\"Inyecci\u00f3n de productos de thermoplastico, fabricaci\u00f3n de moldes mexico, iiyecci\u00f3n plastico mexico\" \/>\n<meta property=\"og:description\" content=\"Inyecci\u00f3n de productos de thermoplastico, fabricaci\u00f3n de moldes mexico, iiyecci\u00f3n plastico mexico\" \/>\n<meta property=\"og:url\" content=\"https:\/\/providenceplastics.com\/es\/mision-vision-y-valores\/\" \/>\n<meta property=\"og:site_name\" content=\"Providence Plastics\" \/>\n<meta property=\"article:modified_time\" content=\"2017-07-24T22:43:59+00:00\" \/>\n<meta name=\"twitter:card\" content=\"summary_large_image\" \/>\n<meta name=\"twitter:label1\" content=\"Tiempo de lectura\" \/>\n\t<meta name=\"twitter:data1\" content=\"1 minuto\" \/>\n<script type=\"application\/ld+json\" class=\"yoast-schema-graph\">{\"@context\":\"https:\/\/schema.org\",\"@graph\":[{\"@type\":\"WebPage\",\"@id\":\"https:\/\/providenceplastics.com\/es\/mision-vision-y-valores\/\",\"url\":\"https:\/\/providenceplastics.com\/es\/mision-vision-y-valores\/\",\"name\":\"Inyecci\u00f3n de productos de thermoplastico, fabricaci\u00f3n de moldes mexico, iiyecci\u00f3n plastico mexico\",\"isPartOf\":{\"@id\":\"https:\/\/providenceplastics.com\/es\/#website\"},\"datePublished\":\"2015-12-02T14:54:43+00:00\",\"dateModified\":\"2017-07-24T22:43:59+00:00\",\"description\":\"Inyecci\u00f3n de productos de thermoplastico, fabricaci\u00f3n de moldes mexico, iiyecci\u00f3n plastico mexico\",\"breadcrumb\":{\"@id\":\"https:\/\/providenceplastics.com\/es\/mision-vision-y-valores\/#breadcrumb\"},\"inLanguage\":\"es\",\"potentialAction\":[{\"@type\":\"ReadAction\",\"target\":[\"https:\/\/providenceplastics.com\/es\/mision-vision-y-valores\/\"]}]},{\"@type\":\"BreadcrumbList\",\"@id\":\"https:\/\/providenceplastics.com\/es\/mision-vision-y-valores\/#breadcrumb\",\"itemListElement\":[{\"@type\":\"ListItem\",\"position\":1,\"name\":\"Home\",\"item\":\"https:\/\/providenceplastics.com\/es\/\"},{\"@type\":\"ListItem\",\"position\":2,\"name\":\"Misi\u00f3n, Visi\u00f3n y Valores\"}]},{\"@type\":\"WebSite\",\"@id\":\"https:\/\/providenceplastics.com\/es\/#website\",\"url\":\"https:\/\/providenceplastics.com\/es\/\",\"name\":\"Providence Plastics\",\"description\":\"\",\"potentialAction\":[{\"@type\":\"SearchAction\",\"target\":{\"@type\":\"EntryPoint\",\"urlTemplate\":\"https:\/\/providenceplastics.com\/es\/?s={search_term_string}\"},\"query-input\":\"required name=search_term_string\"}],\"inLanguage\":\"es\"}]}<\/script>\n<!-- \/ Yoast SEO plugin. -->","yoast_head_json":{"title":"Inyecci\u00f3n de productos de thermoplastico, fabricaci\u00f3n de moldes mexico, iiyecci\u00f3n plastico mexico","description":"Inyecci\u00f3n de productos de thermoplastico, fabricaci\u00f3n de moldes mexico, iiyecci\u00f3n plastico mexico","robots":{"index":"index","follow":"follow","max-snippet":"max-snippet:-1","max-image-preview":"max-image-preview:large","max-video-preview":"max-video-preview:-1"},"canonical":"https:\/\/providenceplastics.com\/es\/mision-vision-y-valores\/","og_locale":"es_ES","og_type":"article","og_title":"Inyecci\u00f3n de productos de thermoplastico, fabricaci\u00f3n de moldes mexico, iiyecci\u00f3n plastico mexico","og_description":"Inyecci\u00f3n de productos de thermoplastico, fabricaci\u00f3n de moldes mexico, iiyecci\u00f3n plastico mexico","og_url":"https:\/\/providenceplastics.com\/es\/mision-vision-y-valores\/","og_site_name":"Providence Plastics","article_modified_time":"2017-07-24T22:43:59+00:00","twitter_card":"summary_large_image","twitter_misc":{"Tiempo de lectura":"1 minuto"},"schema":{"@context":"https:\/\/schema.org","@graph":[{"@type":"WebPage","@id":"https:\/\/providenceplastics.com\/es\/mision-vision-y-valores\/","url":"https:\/\/providenceplastics.com\/es\/mision-vision-y-valores\/","name":"Inyecci\u00f3n de productos de thermoplastico, fabricaci\u00f3n de moldes mexico, iiyecci\u00f3n plastico mexico","isPartOf":{"@id":"https:\/\/providenceplastics.com\/es\/#website"},"datePublished":"2015-12-02T14:54:43+00:00","dateModified":"2017-07-24T22:43:59+00:00","description":"Inyecci\u00f3n de productos de thermoplastico, fabricaci\u00f3n de moldes mexico, iiyecci\u00f3n plastico mexico","breadcrumb":{"@id":"https:\/\/providenceplastics.com\/es\/mision-vision-y-valores\/#breadcrumb"},"inLanguage":"es","potentialAction":[{"@type":"ReadAction","target":["https:\/\/providenceplastics.com\/es\/mision-vision-y-valores\/"]}]},{"@type":"BreadcrumbList","@id":"https:\/\/providenceplastics.com\/es\/mision-vision-y-valores\/#breadcrumb","itemListElement":[{"@type":"ListItem","position":1,"name":"Home","item":"https:\/\/providenceplastics.com\/es\/"},{"@type":"ListItem","position":2,"name":"Misi\u00f3n, Visi\u00f3n y Valores"}]},{"@type":"WebSite","@id":"https:\/\/providenceplastics.com\/es\/#website","url":"https:\/\/providenceplastics.com\/es\/","name":"Providence Plastics","description":"","potentialAction":[{"@type":"SearchAction","target":{"@type":"EntryPoint","urlTemplate":"https:\/\/providenceplastics.com\/es\/?s={search_term_string}"},"query-input":"required name=search_term_string"}],"inLanguage":"es"}]}},"_links":{"self":[{"href":"https:\/\/providenceplastics.com\/es\/wp-json\/wp\/v2\/pages\/7"}],"collection":[{"href":"https:\/\/providenceplastics.com\/es\/wp-json\/wp\/v2\/pages"}],"about":[{"href":"https:\/\/providenceplastics.com\/es\/wp-json\/wp\/v2\/types\/page"}],"author":[{"embeddable":true,"href":"https:\/\/providenceplastics.com\/es\/wp-json\/wp\/v2\/users\/1"}],"replies":[{"embeddable":true,"href":"https:\/\/providenceplastics.com\/es\/wp-json\/wp\/v2\/comments?post=7"}],"version-history":[{"count":9,"href":"https:\/\/providenceplastics.com\/es\/wp-json\/wp\/v2\/pages\/7\/revisions"}],"predecessor-version":[{"id":209,"href":"https:\/\/providenceplastics.com\/es\/wp-json\/wp\/v2\/pages\/7\/revisions\/209"}],"wp:attachment":[{"href":"https:\/\/providenceplastics.com\/es\/wp-json\/wp\/v2\/media?parent=7"}],"curies":[{"name":"wp","href":"https:\/\/api.w.org\/{rel}","templated":true}]}}