{"id":52,"date":"2015-12-02T09:09:47","date_gmt":"2015-12-02T15:09:47","guid":{"rendered":"http:\/\/providenceplastics.com\/es\/?page_id=52"},"modified":"2017-07-24T16:46:40","modified_gmt":"2017-07-24T22:46:40","slug":"ventaja-de-costo","status":"publish","type":"page","link":"https:\/\/providenceplastics.com\/es\/ventaja-de-costo\/","title":{"rendered":"Ventaja de Costo"},"content":{"rendered":"<div class=\"grid_6 alpha\"><img decoding=\"async\" loading=\"lazy\" class=\"\" src=\"http:\/\/providenceplastics.com\/es\/wp-content\/themes\/providence\/images\/slide5-color.jpg\" alt=\"\" width=\"466\" height=\"399\" \/><\/div>\n<div class=\"grid_6 omega\">Nuestro estilo de administraci\u00f3n austera, la pr\u00e1ctica de Lean Manufacturing y de administraci\u00f3n de inventario se traducen en una ventaja de costo total que transferimos a nuestros clientes.Nuestras tarifas de m\u00e1quina, incluyendo la mano de obra y los beneficios son entre el 27% y el 41% por debajo de moldeo por inyecci\u00f3n promedio de Estados Unidos sobre la base de estudios de referencia.<\/p>\n<p>P\u00f3ngase en contacto con nosotros para la transferencia de las herramientas existentes a Providence Pl\u00e1sticos. Estaremos encantados de proporcionar una cita oportuna para su evaluaci\u00f3n.<\/p>\n<\/div>\n","protected":false},"excerpt":{"rendered":"<p>Nuestro estilo de administraci\u00f3n austera, la pr\u00e1ctica de Lean Manufacturing y de administraci\u00f3n de inventario se traducen en una ventaja de costo total que transferimos a nuestros clientes.Nuestras tarifas de m\u00e1quina, incluyendo la mano de obra y los beneficios son entre el 27% y el 41% por debajo de moldeo por inyecci\u00f3n promedio de Estados [&hellip;]<\/p>\n","protected":false},"author":1,"featured_media":0,"parent":0,"menu_order":0,"comment_status":"closed","ping_status":"closed","template":"","meta":[],"yoast_head":"<!-- This site is optimized with the Yoast SEO plugin v20.11 - https:\/\/yoast.com\/wordpress\/plugins\/seo\/ -->\n<title>Fabricante de Inyecci\u00f3n de pl\u00e1stico, Fabricante de moldes de plastico, M\u00e1quinas de Inyecci\u00f3n en Monterrey<\/title>\n<meta name=\"description\" content=\"Fabricante de Inyecci\u00f3n de pl\u00e1stico, Fabricante de moldes de plastico, M\u00e1quinas de Inyecci\u00f3n en Monterrey\" \/>\n<meta name=\"robots\" content=\"index, follow, max-snippet:-1, max-image-preview:large, max-video-preview:-1\" \/>\n<link rel=\"canonical\" href=\"https:\/\/providenceplastics.com\/es\/ventaja-de-costo\/\" \/>\n<meta property=\"og:locale\" content=\"es_ES\" \/>\n<meta property=\"og:type\" content=\"article\" \/>\n<meta property=\"og:title\" content=\"Fabricante de Inyecci\u00f3n de pl\u00e1stico, Fabricante de moldes de plastico, M\u00e1quinas de Inyecci\u00f3n en Monterrey\" \/>\n<meta property=\"og:description\" content=\"Fabricante de Inyecci\u00f3n de pl\u00e1stico, Fabricante de moldes de plastico, M\u00e1quinas de Inyecci\u00f3n en Monterrey\" \/>\n<meta property=\"og:url\" content=\"https:\/\/providenceplastics.com\/es\/ventaja-de-costo\/\" \/>\n<meta property=\"og:site_name\" content=\"Providence Plastics\" \/>\n<meta property=\"article:modified_time\" content=\"2017-07-24T22:46:40+00:00\" \/>\n<meta property=\"og:image\" content=\"http:\/\/providenceplastics.com\/es\/wp-content\/themes\/providence\/images\/slide5-color.jpg\" \/>\n<meta name=\"twitter:card\" content=\"summary_large_image\" \/>\n<script type=\"application\/ld+json\" class=\"yoast-schema-graph\">{\"@context\":\"https:\/\/schema.org\",\"@graph\":[{\"@type\":\"WebPage\",\"@id\":\"https:\/\/providenceplastics.com\/es\/ventaja-de-costo\/\",\"url\":\"https:\/\/providenceplastics.com\/es\/ventaja-de-costo\/\",\"name\":\"Fabricante de Inyecci\u00f3n de pl\u00e1stico, Fabricante de moldes de plastico, M\u00e1quinas de Inyecci\u00f3n en Monterrey\",\"isPartOf\":{\"@id\":\"https:\/\/providenceplastics.com\/es\/#website\"},\"datePublished\":\"2015-12-02T15:09:47+00:00\",\"dateModified\":\"2017-07-24T22:46:40+00:00\",\"description\":\"Fabricante de Inyecci\u00f3n de pl\u00e1stico, Fabricante de moldes de plastico, M\u00e1quinas de Inyecci\u00f3n en Monterrey\",\"breadcrumb\":{\"@id\":\"https:\/\/providenceplastics.com\/es\/ventaja-de-costo\/#breadcrumb\"},\"inLanguage\":\"es\",\"potentialAction\":[{\"@type\":\"ReadAction\",\"target\":[\"https:\/\/providenceplastics.com\/es\/ventaja-de-costo\/\"]}]},{\"@type\":\"BreadcrumbList\",\"@id\":\"https:\/\/providenceplastics.com\/es\/ventaja-de-costo\/#breadcrumb\",\"itemListElement\":[{\"@type\":\"ListItem\",\"position\":1,\"name\":\"Home\",\"item\":\"https:\/\/providenceplastics.com\/es\/\"},{\"@type\":\"ListItem\",\"position\":2,\"name\":\"Ventaja de Costo\"}]},{\"@type\":\"WebSite\",\"@id\":\"https:\/\/providenceplastics.com\/es\/#website\",\"url\":\"https:\/\/providenceplastics.com\/es\/\",\"name\":\"Providence Plastics\",\"description\":\"\",\"potentialAction\":[{\"@type\":\"SearchAction\",\"target\":{\"@type\":\"EntryPoint\",\"urlTemplate\":\"https:\/\/providenceplastics.com\/es\/?s={search_term_string}\"},\"query-input\":\"required name=search_term_string\"}],\"inLanguage\":\"es\"}]}<\/script>\n<!-- \/ Yoast SEO plugin. -->","yoast_head_json":{"title":"Fabricante de Inyecci\u00f3n de pl\u00e1stico, Fabricante de moldes de plastico, M\u00e1quinas de Inyecci\u00f3n en Monterrey","description":"Fabricante de Inyecci\u00f3n de pl\u00e1stico, Fabricante de moldes de plastico, M\u00e1quinas de Inyecci\u00f3n en Monterrey","robots":{"index":"index","follow":"follow","max-snippet":"max-snippet:-1","max-image-preview":"max-image-preview:large","max-video-preview":"max-video-preview:-1"},"canonical":"https:\/\/providenceplastics.com\/es\/ventaja-de-costo\/","og_locale":"es_ES","og_type":"article","og_title":"Fabricante de Inyecci\u00f3n de pl\u00e1stico, Fabricante de moldes de plastico, M\u00e1quinas de Inyecci\u00f3n en Monterrey","og_description":"Fabricante de Inyecci\u00f3n de pl\u00e1stico, Fabricante de moldes de plastico, M\u00e1quinas de Inyecci\u00f3n en Monterrey","og_url":"https:\/\/providenceplastics.com\/es\/ventaja-de-costo\/","og_site_name":"Providence Plastics","article_modified_time":"2017-07-24T22:46:40+00:00","og_image":[{"url":"http:\/\/providenceplastics.com\/es\/wp-content\/themes\/providence\/images\/slide5-color.jpg"}],"twitter_card":"summary_large_image","schema":{"@context":"https:\/\/schema.org","@graph":[{"@type":"WebPage","@id":"https:\/\/providenceplastics.com\/es\/ventaja-de-costo\/","url":"https:\/\/providenceplastics.com\/es\/ventaja-de-costo\/","name":"Fabricante de Inyecci\u00f3n de pl\u00e1stico, Fabricante de moldes de plastico, M\u00e1quinas de Inyecci\u00f3n en Monterrey","isPartOf":{"@id":"https:\/\/providenceplastics.com\/es\/#website"},"datePublished":"2015-12-02T15:09:47+00:00","dateModified":"2017-07-24T22:46:40+00:00","description":"Fabricante de Inyecci\u00f3n de pl\u00e1stico, Fabricante de moldes de plastico, M\u00e1quinas de Inyecci\u00f3n en Monterrey","breadcrumb":{"@id":"https:\/\/providenceplastics.com\/es\/ventaja-de-costo\/#breadcrumb"},"inLanguage":"es","potentialAction":[{"@type":"ReadAction","target":["https:\/\/providenceplastics.com\/es\/ventaja-de-costo\/"]}]},{"@type":"BreadcrumbList","@id":"https:\/\/providenceplastics.com\/es\/ventaja-de-costo\/#breadcrumb","itemListElement":[{"@type":"ListItem","position":1,"name":"Home","item":"https:\/\/providenceplastics.com\/es\/"},{"@type":"ListItem","position":2,"name":"Ventaja de Costo"}]},{"@type":"WebSite","@id":"https:\/\/providenceplastics.com\/es\/#website","url":"https:\/\/providenceplastics.com\/es\/","name":"Providence Plastics","description":"","potentialAction":[{"@type":"SearchAction","target":{"@type":"EntryPoint","urlTemplate":"https:\/\/providenceplastics.com\/es\/?s={search_term_string}"},"query-input":"required name=search_term_string"}],"inLanguage":"es"}]}},"_links":{"self":[{"href":"https:\/\/providenceplastics.com\/es\/wp-json\/wp\/v2\/pages\/52"}],"collection":[{"href":"https:\/\/providenceplastics.com\/es\/wp-json\/wp\/v2\/pages"}],"about":[{"href":"https:\/\/providenceplastics.com\/es\/wp-json\/wp\/v2\/types\/page"}],"author":[{"embeddable":true,"href":"https:\/\/providenceplastics.com\/es\/wp-json\/wp\/v2\/users\/1"}],"replies":[{"embeddable":true,"href":"https:\/\/providenceplastics.com\/es\/wp-json\/wp\/v2\/comments?post=52"}],"version-history":[{"count":8,"href":"https:\/\/providenceplastics.com\/es\/wp-json\/wp\/v2\/pages\/52\/revisions"}],"predecessor-version":[{"id":250,"href":"https:\/\/providenceplastics.com\/es\/wp-json\/wp\/v2\/pages\/52\/revisions\/250"}],"wp:attachment":[{"href":"https:\/\/providenceplastics.com\/es\/wp-json\/wp\/v2\/media?parent=52"}],"curies":[{"name":"wp","href":"https:\/\/api.w.org\/{rel}","templated":true}]}}