{"id":50,"date":"2015-12-02T09:09:31","date_gmt":"2015-12-02T15:09:31","guid":{"rendered":"http:\/\/providenceplastics.com\/es\/?page_id=50"},"modified":"2017-07-24T08:48:07","modified_gmt":"2017-07-24T14:48:07","slug":"fabricacion-flexible","status":"publish","type":"page","link":"https:\/\/providenceplastics.com\/es\/fabricacion-flexible\/","title":{"rendered":"Fabricaci\u00f3n Flexible"},"content":{"rendered":"<div class=\"grid_6 alpha\"><img decoding=\"async\" loading=\"lazy\" class=\"\" src=\"http:\/\/providenceplastics.com\/es\/wp-content\/themes\/providence\/images\/slide4-color.jpg\" alt=\"\" width=\"466\" height=\"399\" \/><\/div>\n<div class=\"grid_6 omega\">El mercado de hoy evoluciona r\u00e1pidamente, la velocidad del mercado y la adaptabilidad son fundamentales para mantenerse por delante de nuestros competidores. Sabemos que para usted el cumplimiento con la fecha de entrega a sus clientes es clave para su \u00e9xito. Cuando tiene una necesidad urgente es nuestro objetivo trabajar con usted para ensamblar su herramienta inmediatamente para ejecutar las piezas que necesita.Tambi\u00e9n sabemos que muchas veces se necesitan hacer cambios bruscos en sus planes de producci\u00f3n para satisfacer sus necesidades.<\/p>\n<p>Con nuestras pr\u00e1cticas de Lean Manufacturing estamos bajando los costos para cambiar las herramientas continuamente por lo que es rentable para equilibrar los cambios de herramienta para mantener a todos los clientes atendidos a tiempo.<\/p>\n<\/div>\n","protected":false},"excerpt":{"rendered":"<p>El mercado de hoy evoluciona r\u00e1pidamente, la velocidad del mercado y la adaptabilidad son fundamentales para mantenerse por delante de nuestros competidores. Sabemos que para usted el cumplimiento con la fecha de entrega a sus clientes es clave para su \u00e9xito. Cuando tiene una necesidad urgente es nuestro objetivo trabajar con usted para ensamblar su [&hellip;]<\/p>\n","protected":false},"author":1,"featured_media":0,"parent":0,"menu_order":0,"comment_status":"closed","ping_status":"closed","template":"","meta":[],"yoast_head":"<!-- This site is optimized with the Yoast SEO plugin v20.11 - https:\/\/yoast.com\/wordpress\/plugins\/seo\/ -->\n<title>Inyecci\u00f3n de plastico, fabricaci\u00f3n flexible de plasticos, inyecci\u00f3n flexible de plasticos, moldes plasticos<\/title>\n<meta name=\"description\" content=\"Inyecci\u00f3n de plastico, fabricaci\u00f3n flexible de plasticos, inyecci\u00f3n flexible de plasticos, moldes plasticos\" \/>\n<meta name=\"robots\" content=\"index, follow, max-snippet:-1, max-image-preview:large, max-video-preview:-1\" \/>\n<link rel=\"canonical\" href=\"https:\/\/providenceplastics.com\/es\/fabricacion-flexible\/\" \/>\n<meta property=\"og:locale\" content=\"es_ES\" \/>\n<meta property=\"og:type\" content=\"article\" \/>\n<meta property=\"og:title\" content=\"Inyecci\u00f3n de plastico, fabricaci\u00f3n flexible de plasticos, inyecci\u00f3n flexible de plasticos, moldes plasticos\" \/>\n<meta property=\"og:description\" content=\"Inyecci\u00f3n de plastico, fabricaci\u00f3n flexible de plasticos, inyecci\u00f3n flexible de plasticos, moldes plasticos\" \/>\n<meta property=\"og:url\" content=\"https:\/\/providenceplastics.com\/es\/fabricacion-flexible\/\" \/>\n<meta property=\"og:site_name\" content=\"Providence Plastics\" \/>\n<meta property=\"article:modified_time\" content=\"2017-07-24T14:48:07+00:00\" \/>\n<meta property=\"og:image\" content=\"http:\/\/providenceplastics.com\/es\/wp-content\/themes\/providence\/images\/slide4-color.jpg\" \/>\n<meta name=\"twitter:card\" content=\"summary_large_image\" \/>\n<meta name=\"twitter:label1\" content=\"Tiempo de lectura\" \/>\n\t<meta name=\"twitter:data1\" content=\"1 minuto\" \/>\n<script type=\"application\/ld+json\" class=\"yoast-schema-graph\">{\"@context\":\"https:\/\/schema.org\",\"@graph\":[{\"@type\":\"WebPage\",\"@id\":\"https:\/\/providenceplastics.com\/es\/fabricacion-flexible\/\",\"url\":\"https:\/\/providenceplastics.com\/es\/fabricacion-flexible\/\",\"name\":\"Inyecci\u00f3n de plastico, fabricaci\u00f3n flexible de plasticos, inyecci\u00f3n flexible de plasticos, moldes plasticos\",\"isPartOf\":{\"@id\":\"https:\/\/providenceplastics.com\/es\/#website\"},\"datePublished\":\"2015-12-02T15:09:31+00:00\",\"dateModified\":\"2017-07-24T14:48:07+00:00\",\"description\":\"Inyecci\u00f3n de plastico, fabricaci\u00f3n flexible de plasticos, inyecci\u00f3n flexible de plasticos, moldes plasticos\",\"breadcrumb\":{\"@id\":\"https:\/\/providenceplastics.com\/es\/fabricacion-flexible\/#breadcrumb\"},\"inLanguage\":\"es\",\"potentialAction\":[{\"@type\":\"ReadAction\",\"target\":[\"https:\/\/providenceplastics.com\/es\/fabricacion-flexible\/\"]}]},{\"@type\":\"BreadcrumbList\",\"@id\":\"https:\/\/providenceplastics.com\/es\/fabricacion-flexible\/#breadcrumb\",\"itemListElement\":[{\"@type\":\"ListItem\",\"position\":1,\"name\":\"Home\",\"item\":\"https:\/\/providenceplastics.com\/es\/\"},{\"@type\":\"ListItem\",\"position\":2,\"name\":\"Fabricaci\u00f3n Flexible\"}]},{\"@type\":\"WebSite\",\"@id\":\"https:\/\/providenceplastics.com\/es\/#website\",\"url\":\"https:\/\/providenceplastics.com\/es\/\",\"name\":\"Providence Plastics\",\"description\":\"\",\"potentialAction\":[{\"@type\":\"SearchAction\",\"target\":{\"@type\":\"EntryPoint\",\"urlTemplate\":\"https:\/\/providenceplastics.com\/es\/?s={search_term_string}\"},\"query-input\":\"required name=search_term_string\"}],\"inLanguage\":\"es\"}]}<\/script>\n<!-- \/ Yoast SEO plugin. -->","yoast_head_json":{"title":"Inyecci\u00f3n de plastico, fabricaci\u00f3n flexible de plasticos, inyecci\u00f3n flexible de plasticos, moldes plasticos","description":"Inyecci\u00f3n de plastico, fabricaci\u00f3n flexible de plasticos, inyecci\u00f3n flexible de plasticos, moldes plasticos","robots":{"index":"index","follow":"follow","max-snippet":"max-snippet:-1","max-image-preview":"max-image-preview:large","max-video-preview":"max-video-preview:-1"},"canonical":"https:\/\/providenceplastics.com\/es\/fabricacion-flexible\/","og_locale":"es_ES","og_type":"article","og_title":"Inyecci\u00f3n de plastico, fabricaci\u00f3n flexible de plasticos, inyecci\u00f3n flexible de plasticos, moldes plasticos","og_description":"Inyecci\u00f3n de plastico, fabricaci\u00f3n flexible de plasticos, inyecci\u00f3n flexible de plasticos, moldes plasticos","og_url":"https:\/\/providenceplastics.com\/es\/fabricacion-flexible\/","og_site_name":"Providence Plastics","article_modified_time":"2017-07-24T14:48:07+00:00","og_image":[{"url":"http:\/\/providenceplastics.com\/es\/wp-content\/themes\/providence\/images\/slide4-color.jpg"}],"twitter_card":"summary_large_image","twitter_misc":{"Tiempo de lectura":"1 minuto"},"schema":{"@context":"https:\/\/schema.org","@graph":[{"@type":"WebPage","@id":"https:\/\/providenceplastics.com\/es\/fabricacion-flexible\/","url":"https:\/\/providenceplastics.com\/es\/fabricacion-flexible\/","name":"Inyecci\u00f3n de plastico, fabricaci\u00f3n flexible de plasticos, inyecci\u00f3n flexible de plasticos, moldes plasticos","isPartOf":{"@id":"https:\/\/providenceplastics.com\/es\/#website"},"datePublished":"2015-12-02T15:09:31+00:00","dateModified":"2017-07-24T14:48:07+00:00","description":"Inyecci\u00f3n de plastico, fabricaci\u00f3n flexible de plasticos, inyecci\u00f3n flexible de plasticos, moldes plasticos","breadcrumb":{"@id":"https:\/\/providenceplastics.com\/es\/fabricacion-flexible\/#breadcrumb"},"inLanguage":"es","potentialAction":[{"@type":"ReadAction","target":["https:\/\/providenceplastics.com\/es\/fabricacion-flexible\/"]}]},{"@type":"BreadcrumbList","@id":"https:\/\/providenceplastics.com\/es\/fabricacion-flexible\/#breadcrumb","itemListElement":[{"@type":"ListItem","position":1,"name":"Home","item":"https:\/\/providenceplastics.com\/es\/"},{"@type":"ListItem","position":2,"name":"Fabricaci\u00f3n Flexible"}]},{"@type":"WebSite","@id":"https:\/\/providenceplastics.com\/es\/#website","url":"https:\/\/providenceplastics.com\/es\/","name":"Providence Plastics","description":"","potentialAction":[{"@type":"SearchAction","target":{"@type":"EntryPoint","urlTemplate":"https:\/\/providenceplastics.com\/es\/?s={search_term_string}"},"query-input":"required name=search_term_string"}],"inLanguage":"es"}]}},"_links":{"self":[{"href":"https:\/\/providenceplastics.com\/es\/wp-json\/wp\/v2\/pages\/50"}],"collection":[{"href":"https:\/\/providenceplastics.com\/es\/wp-json\/wp\/v2\/pages"}],"about":[{"href":"https:\/\/providenceplastics.com\/es\/wp-json\/wp\/v2\/types\/page"}],"author":[{"embeddable":true,"href":"https:\/\/providenceplastics.com\/es\/wp-json\/wp\/v2\/users\/1"}],"replies":[{"embeddable":true,"href":"https:\/\/providenceplastics.com\/es\/wp-json\/wp\/v2\/comments?post=50"}],"version-history":[{"count":8,"href":"https:\/\/providenceplastics.com\/es\/wp-json\/wp\/v2\/pages\/50\/revisions"}],"predecessor-version":[{"id":248,"href":"https:\/\/providenceplastics.com\/es\/wp-json\/wp\/v2\/pages\/50\/revisions\/248"}],"wp:attachment":[{"href":"https:\/\/providenceplastics.com\/es\/wp-json\/wp\/v2\/media?parent=50"}],"curies":[{"name":"wp","href":"https:\/\/api.w.org\/{rel}","templated":true}]}}