{"id":5,"date":"2015-12-02T08:54:35","date_gmt":"2015-12-02T14:54:35","guid":{"rendered":"http:\/\/providenceplastics.com\/es\/?page_id=5"},"modified":"2017-07-24T16:43:02","modified_gmt":"2017-07-24T22:43:02","slug":"historia","status":"publish","type":"page","link":"https:\/\/providenceplastics.com\/es\/historia\/","title":{"rendered":"Historia"},"content":{"rendered":"<p><img decoding=\"async\" class=\"alignnone size-full wp-image-234\" src=\"http:\/\/providenceplastics.com\/es\/wp-content\/uploads\/2017\/07\/slide-021-min.jpg\" alt=\"\" width=\"930\" srcset=\"https:\/\/providenceplastics.com\/es\/wp-content\/uploads\/2017\/07\/slide-021-min.jpg 1000w, https:\/\/providenceplastics.com\/es\/wp-content\/uploads\/2017\/07\/slide-021-min-300x102.jpg 300w, https:\/\/providenceplastics.com\/es\/wp-content\/uploads\/2017\/07\/slide-021-min-768x260.jpg 768w, https:\/\/providenceplastics.com\/es\/wp-content\/uploads\/2017\/07\/slide-021-min-420x142.jpg 420w\" sizes=\"(max-width: 1000px) 100vw, 1000px\" \/><\/p>\n<p>Aunque en 2014 Providence Plastics celebr\u00f3 su 25 aniversario, sus ra\u00edces y su esp\u00edritu emprendedor comenzaron hace m\u00e1s de 45 a\u00f1os cuando Don Carlos Nelli Marsicano emigr\u00f3 a M\u00e9xico desde Uruguay en 1968. Buscando refugio de los disturbios civiles en su pa\u00eds. Don Carlos, sin contactos, ni trabajo y muy poco dinero lleg\u00f3 a M\u00e9xico con su esposa y dos ni\u00f1os peque\u00f1os. Don Carlos empez\u00f3 a vender enciclopedias de puerta en puerta y, a trav\u00e9s de su determinaci\u00f3n y arduo trabajo, finalmente comenz\u00f3 su propio negocio vendiendo maquinaria usada.<\/p>\n<p>Desde la d\u00e9cada de 1980 la familia Nelli construy\u00f3 una s\u00f3lida reputaci\u00f3n en todo M\u00e9xico en el mercado de maquinaria usada. En 1989, el hijo mayor de la familia, Carlos Nelli Garc\u00eda, se acerc\u00f3 a un cliente potencial para vender un par de viejas m\u00e1quinas de moldeo por inyecci\u00f3n. Este cliente no compr\u00f3 las m\u00e1quinas, pero a su vez convenci\u00f3 a Carlos Jr. para conectarlas y comenzar a venderle piezas de pl\u00e1stico. Este fue el comienzo de la transici\u00f3n de la familia de un mercado cada vez m\u00e1s complicado de maquinaria usada al mercado de moldeo por inyecci\u00f3n de pl\u00e1stico.<\/p>\n<p>Continuando con el ejemplo emprendedor de su padre, en 1993 Carlos Jr. hab\u00eda creado una peque\u00f1a planta de inyecci\u00f3n de pl\u00e1stico. M\u00e1s tarde Don Carlos se unir\u00eda a Carlos Jr. a tiempo completo en la nueva empresa tomando su actual cargo como Gerente General.<\/p>\n<p>En 2006, la familia Nelli invit\u00f3 a un inversor estadounidense, con experiencia en la industria del moldeo por inyecci\u00f3n, a unirse a la empresa para crear nuevas oportunidades de crecimiento. Desde que se forj\u00f3 la asociaci\u00f3n, se abri\u00f3 una oficina de ingenier\u00eda y ventas en San Antonio, Texas.<\/p>\n<p>45 a\u00f1os de negocios han llevado a Providence Plastics a operar de manera conservadora y austera, logrando un crecimiento sostenido y diversificado manteniendo su relaci\u00f3n deuda-capital a un mejor nivel de lo generalmente aceptado como saludable para nuestra industria.<\/p>\n<div class=\"clear\">\n<p>Dentro de los planes de Providence Plastics a mediano plazo est\u00e1 iniciar operaciones en Quer\u00e9taro, M\u00c9XICO debido al crecimiento de la industria automotriz en el \u00e1rea de Baj\u00edo (Quer\u00e9taro, Guanajuato, SLP, Aguascalientes) Nuevos OEM automotores en la zona: Honda, Mazda, Audi, BMW, GM, Toyota y Nissan.<\/p>\n<\/div>\n<h4 class=\"p6-1\">Cronograma<\/h4>\n<div class=\"grid_12\">\n<div class=\"dgrid_3\">\n<h3>1968<\/h3>\n<p>Carlos Nelli Marsicano emigr\u00f3 a M\u00e9xico desde Uruguay en 1968.<\/p>\n<\/div>\n<div class=\"dgrid_3\">\n<h3>1980<\/h3>\n<p>La familia Nelli construy\u00f3 una s\u00f3lida reputaci\u00f3n en todo M\u00e9xico en el mercado de maquinaria usada.<\/p>\n<\/div>\n<div class=\"dgrid_3\">\n<h3>1989<\/h3>\n<p>Carlos Jr. cre\u00f3 una instalaci\u00f3n de inyecci\u00f3n de pl\u00e1stico.<\/p>\n<\/div>\n<div class=\"dgrid_3\">\n<h3>2006<\/h3>\n<p>La familia Nelli invit\u00f3 a un invercionista estadounidense, con experiencia en la industria del moldeo por inyecci\u00f3n, a unirse a la empresa para crear nuevas oportunidades de crecimiento.<\/p>\n<\/div>\n<\/div>\n<div class=\"clear\"><\/div>\n<div class=\"grid_12\">\n<div class=\"dgrid_3\">\n<h3>2009<\/h3>\n<p>20 a\u00f1os en el moldeo por inyecci\u00f3n.<\/p>\n<\/div>\n<div class=\"dgrid_3\">\n<h3>2014<\/h3>\n<p>25 A\u00f1os de Aniversario en Moldeo por Inyecci\u00f3n<\/p>\n<\/div>\n<div class=\"dgrid_3\">\n<h3>2015<\/h3>\n<p>Abrir nuevo sitio de fabricaci\u00f3n en Quer\u00e9taro, M\u00e9xico.<\/p>\n<\/div>\n<\/div>\n","protected":false},"excerpt":{"rendered":"<p>Aunque en 2014 Providence Plastics celebr\u00f3 su 25 aniversario, sus ra\u00edces y su esp\u00edritu emprendedor comenzaron hace m\u00e1s de 45 a\u00f1os cuando Don Carlos Nelli Marsicano emigr\u00f3 a M\u00e9xico desde Uruguay en 1968. Buscando refugio de los disturbios civiles en su pa\u00eds. Don Carlos, sin contactos, ni trabajo y muy poco dinero lleg\u00f3 a M\u00e9xico [&hellip;]<\/p>\n","protected":false},"author":1,"featured_media":0,"parent":0,"menu_order":0,"comment_status":"closed","ping_status":"closed","template":"","meta":[],"yoast_head":"<!-- This site is optimized with the Yoast SEO plugin v20.11 - https:\/\/yoast.com\/wordpress\/plugins\/seo\/ -->\n<title>Providence Plastics, Inyecci\u00f3n de plasticos en monterrey, moldes de plastico en monterrey, fabrica de plasticos mexico<\/title>\n<meta name=\"description\" content=\"Providence Plastics, Inyecci\u00f3n de plasticos en monterrey, moldes de plastico en monterrey, fabrica de plasticos mexico\" \/>\n<meta name=\"robots\" content=\"index, follow, max-snippet:-1, max-image-preview:large, max-video-preview:-1\" \/>\n<link rel=\"canonical\" href=\"https:\/\/providenceplastics.com\/es\/historia\/\" \/>\n<meta property=\"og:locale\" content=\"es_ES\" \/>\n<meta property=\"og:type\" content=\"article\" \/>\n<meta property=\"og:title\" content=\"Providence Plastics, Inyecci\u00f3n de plasticos en monterrey, moldes de plastico en monterrey, fabrica de plasticos mexico\" \/>\n<meta property=\"og:description\" content=\"Providence Plastics, Inyecci\u00f3n de plasticos en monterrey, moldes de plastico en monterrey, fabrica de plasticos mexico\" \/>\n<meta property=\"og:url\" content=\"https:\/\/providenceplastics.com\/es\/historia\/\" \/>\n<meta property=\"og:site_name\" content=\"Providence Plastics\" \/>\n<meta property=\"article:modified_time\" content=\"2017-07-24T22:43:02+00:00\" \/>\n<meta property=\"og:image\" content=\"http:\/\/providenceplastics.com\/es\/wp-content\/uploads\/2017\/07\/slide-021-min.jpg\" \/>\n<meta name=\"twitter:card\" content=\"summary_large_image\" \/>\n<meta name=\"twitter:label1\" content=\"Tiempo de lectura\" \/>\n\t<meta name=\"twitter:data1\" content=\"2 minutos\" \/>\n<script type=\"application\/ld+json\" class=\"yoast-schema-graph\">{\"@context\":\"https:\/\/schema.org\",\"@graph\":[{\"@type\":\"WebPage\",\"@id\":\"https:\/\/providenceplastics.com\/es\/historia\/\",\"url\":\"https:\/\/providenceplastics.com\/es\/historia\/\",\"name\":\"Providence Plastics, Inyecci\u00f3n de plasticos en monterrey, moldes de plastico en monterrey, fabrica de plasticos mexico\",\"isPartOf\":{\"@id\":\"https:\/\/providenceplastics.com\/es\/#website\"},\"datePublished\":\"2015-12-02T14:54:35+00:00\",\"dateModified\":\"2017-07-24T22:43:02+00:00\",\"description\":\"Providence Plastics, Inyecci\u00f3n de plasticos en monterrey, moldes de plastico en monterrey, fabrica de plasticos mexico\",\"breadcrumb\":{\"@id\":\"https:\/\/providenceplastics.com\/es\/historia\/#breadcrumb\"},\"inLanguage\":\"es\",\"potentialAction\":[{\"@type\":\"ReadAction\",\"target\":[\"https:\/\/providenceplastics.com\/es\/historia\/\"]}]},{\"@type\":\"BreadcrumbList\",\"@id\":\"https:\/\/providenceplastics.com\/es\/historia\/#breadcrumb\",\"itemListElement\":[{\"@type\":\"ListItem\",\"position\":1,\"name\":\"Home\",\"item\":\"https:\/\/providenceplastics.com\/es\/\"},{\"@type\":\"ListItem\",\"position\":2,\"name\":\"Historia\"}]},{\"@type\":\"WebSite\",\"@id\":\"https:\/\/providenceplastics.com\/es\/#website\",\"url\":\"https:\/\/providenceplastics.com\/es\/\",\"name\":\"Providence Plastics\",\"description\":\"\",\"potentialAction\":[{\"@type\":\"SearchAction\",\"target\":{\"@type\":\"EntryPoint\",\"urlTemplate\":\"https:\/\/providenceplastics.com\/es\/?s={search_term_string}\"},\"query-input\":\"required name=search_term_string\"}],\"inLanguage\":\"es\"}]}<\/script>\n<!-- \/ Yoast SEO plugin. -->","yoast_head_json":{"title":"Providence Plastics, Inyecci\u00f3n de plasticos en monterrey, moldes de plastico en monterrey, fabrica de plasticos mexico","description":"Providence Plastics, Inyecci\u00f3n de plasticos en monterrey, moldes de plastico en monterrey, fabrica de plasticos mexico","robots":{"index":"index","follow":"follow","max-snippet":"max-snippet:-1","max-image-preview":"max-image-preview:large","max-video-preview":"max-video-preview:-1"},"canonical":"https:\/\/providenceplastics.com\/es\/historia\/","og_locale":"es_ES","og_type":"article","og_title":"Providence Plastics, Inyecci\u00f3n de plasticos en monterrey, moldes de plastico en monterrey, fabrica de plasticos mexico","og_description":"Providence Plastics, Inyecci\u00f3n de plasticos en monterrey, moldes de plastico en monterrey, fabrica de plasticos mexico","og_url":"https:\/\/providenceplastics.com\/es\/historia\/","og_site_name":"Providence Plastics","article_modified_time":"2017-07-24T22:43:02+00:00","og_image":[{"url":"http:\/\/providenceplastics.com\/es\/wp-content\/uploads\/2017\/07\/slide-021-min.jpg"}],"twitter_card":"summary_large_image","twitter_misc":{"Tiempo de lectura":"2 minutos"},"schema":{"@context":"https:\/\/schema.org","@graph":[{"@type":"WebPage","@id":"https:\/\/providenceplastics.com\/es\/historia\/","url":"https:\/\/providenceplastics.com\/es\/historia\/","name":"Providence Plastics, Inyecci\u00f3n de plasticos en monterrey, moldes de plastico en monterrey, fabrica de plasticos mexico","isPartOf":{"@id":"https:\/\/providenceplastics.com\/es\/#website"},"datePublished":"2015-12-02T14:54:35+00:00","dateModified":"2017-07-24T22:43:02+00:00","description":"Providence Plastics, Inyecci\u00f3n de plasticos en monterrey, moldes de plastico en monterrey, fabrica de plasticos mexico","breadcrumb":{"@id":"https:\/\/providenceplastics.com\/es\/historia\/#breadcrumb"},"inLanguage":"es","potentialAction":[{"@type":"ReadAction","target":["https:\/\/providenceplastics.com\/es\/historia\/"]}]},{"@type":"BreadcrumbList","@id":"https:\/\/providenceplastics.com\/es\/historia\/#breadcrumb","itemListElement":[{"@type":"ListItem","position":1,"name":"Home","item":"https:\/\/providenceplastics.com\/es\/"},{"@type":"ListItem","position":2,"name":"Historia"}]},{"@type":"WebSite","@id":"https:\/\/providenceplastics.com\/es\/#website","url":"https:\/\/providenceplastics.com\/es\/","name":"Providence Plastics","description":"","potentialAction":[{"@type":"SearchAction","target":{"@type":"EntryPoint","urlTemplate":"https:\/\/providenceplastics.com\/es\/?s={search_term_string}"},"query-input":"required name=search_term_string"}],"inLanguage":"es"}]}},"_links":{"self":[{"href":"https:\/\/providenceplastics.com\/es\/wp-json\/wp\/v2\/pages\/5"}],"collection":[{"href":"https:\/\/providenceplastics.com\/es\/wp-json\/wp\/v2\/pages"}],"about":[{"href":"https:\/\/providenceplastics.com\/es\/wp-json\/wp\/v2\/types\/page"}],"author":[{"embeddable":true,"href":"https:\/\/providenceplastics.com\/es\/wp-json\/wp\/v2\/users\/1"}],"replies":[{"embeddable":true,"href":"https:\/\/providenceplastics.com\/es\/wp-json\/wp\/v2\/comments?post=5"}],"version-history":[{"count":16,"href":"https:\/\/providenceplastics.com\/es\/wp-json\/wp\/v2\/pages\/5\/revisions"}],"predecessor-version":[{"id":249,"href":"https:\/\/providenceplastics.com\/es\/wp-json\/wp\/v2\/pages\/5\/revisions\/249"}],"wp:attachment":[{"href":"https:\/\/providenceplastics.com\/es\/wp-json\/wp\/v2\/media?parent=5"}],"curies":[{"name":"wp","href":"https:\/\/api.w.org\/{rel}","templated":true}]}}