{"id":48,"date":"2015-12-02T09:09:17","date_gmt":"2015-12-02T15:09:17","guid":{"rendered":"http:\/\/providenceplastics.com\/es\/?page_id=48"},"modified":"2017-07-24T08:49:20","modified_gmt":"2017-07-24T14:49:20","slug":"reduccion-de-su-inventario-y-plazos-de-entrega","status":"publish","type":"page","link":"https:\/\/providenceplastics.com\/es\/reduccion-de-su-inventario-y-plazos-de-entrega\/","title":{"rendered":"Reducci\u00f3n de su Inventario y Plazos de Entrega"},"content":{"rendered":"<div class=\"grid_6 alpha\"><img decoding=\"async\" loading=\"lazy\" class=\"\" src=\"http:\/\/providenceplastics.com\/es\/wp-content\/themes\/providence\/images\/slide2-color.jpg\" alt=\"\" width=\"466\" height=\"399\" \/><\/div>\n<div class=\"grid_6 omega\">\n<p>Uno de nuestros principales objetivos es ofrecerle el Tiempo de Entrega m\u00e1s corto posible. Usando Kan Ban y t\u00e9cnicas de gesti\u00f3n de inventario JIT somos capaces de reducir los plazos de entrega locales de d\u00edas a unas pocas horas y los env\u00edos a EEUU de semanas a unos pocos d\u00edas. Los costos de inventario se reducen de manera significativa debido a la reducci\u00f3n del Tiempo de Entrega que le permite mantener un inventario menor. Con los clientes con los que tenemos sistemas de inventario Kan Ban, el 98% de nuestros embarques se hacen en menos de 24 horas.<\/p>\n<ul class=\"list-1\">\n<li>Los tiempos de entrega m\u00e1s cortos<\/li>\n<li>Los inventarios m\u00e1s bajos<\/li>\n<li>Env\u00edos locales en horas<\/li>\n<li>Los env\u00edos en Estados Unidos en d\u00edas<\/li>\n<\/ul>\n<\/div>\n","protected":false},"excerpt":{"rendered":"<p>Uno de nuestros principales objetivos es ofrecerle el Tiempo de Entrega m\u00e1s corto posible. Usando Kan Ban y t\u00e9cnicas de gesti\u00f3n de inventario JIT somos capaces de reducir los plazos de entrega locales de d\u00edas a unas pocas horas y los env\u00edos a EEUU de semanas a unos pocos d\u00edas. Los costos de inventario se [&hellip;]<\/p>\n","protected":false},"author":1,"featured_media":0,"parent":0,"menu_order":0,"comment_status":"closed","ping_status":"closed","template":"","meta":[],"yoast_head":"<!-- This site is optimized with the Yoast SEO plugin v20.11 - https:\/\/yoast.com\/wordpress\/plugins\/seo\/ -->\n<title>Procesadores de Pl\u00e1stico en Monterrey, Transformadores de Pl\u00e1stico en Monterrey, Fabricaci\u00f3n de Moldes en Monterrey, Moldes en Monterrey, Fabricaci\u00f3n de moldes en China, Proveedores de Moldes en Monterrey<\/title>\n<meta name=\"description\" content=\"Procesadores de Pl\u00e1stico en Monterrey, Transformadores de Pl\u00e1stico en Monterrey, Fabricaci\u00f3n de Moldes en Monterrey, Moldes en Monterrey, Fabricaci\u00f3n de moldes en China, Proveedores de Moldes en Monterrey\" \/>\n<meta name=\"robots\" content=\"index, follow, max-snippet:-1, max-image-preview:large, max-video-preview:-1\" \/>\n<link rel=\"canonical\" href=\"https:\/\/providenceplastics.com\/es\/reduccion-de-su-inventario-y-plazos-de-entrega\/\" \/>\n<meta property=\"og:locale\" content=\"es_ES\" \/>\n<meta property=\"og:type\" content=\"article\" \/>\n<meta property=\"og:title\" content=\"Procesadores de Pl\u00e1stico en Monterrey, Transformadores de Pl\u00e1stico en Monterrey, Fabricaci\u00f3n de Moldes en Monterrey, Moldes en Monterrey, Fabricaci\u00f3n de moldes en China, Proveedores de Moldes en Monterrey\" \/>\n<meta property=\"og:description\" content=\"Procesadores de Pl\u00e1stico en Monterrey, Transformadores de Pl\u00e1stico en Monterrey, Fabricaci\u00f3n de Moldes en Monterrey, Moldes en Monterrey, Fabricaci\u00f3n de moldes en China, Proveedores de Moldes en Monterrey\" \/>\n<meta property=\"og:url\" content=\"https:\/\/providenceplastics.com\/es\/reduccion-de-su-inventario-y-plazos-de-entrega\/\" \/>\n<meta property=\"og:site_name\" content=\"Providence Plastics\" \/>\n<meta property=\"article:modified_time\" content=\"2017-07-24T14:49:20+00:00\" \/>\n<meta property=\"og:image\" content=\"http:\/\/providenceplastics.com\/es\/wp-content\/themes\/providence\/images\/slide2-color.jpg\" \/>\n<meta name=\"twitter:card\" content=\"summary_large_image\" \/>\n<meta name=\"twitter:label1\" content=\"Tiempo de lectura\" \/>\n\t<meta name=\"twitter:data1\" content=\"1 minuto\" \/>\n<script type=\"application\/ld+json\" class=\"yoast-schema-graph\">{\"@context\":\"https:\/\/schema.org\",\"@graph\":[{\"@type\":\"WebPage\",\"@id\":\"https:\/\/providenceplastics.com\/es\/reduccion-de-su-inventario-y-plazos-de-entrega\/\",\"url\":\"https:\/\/providenceplastics.com\/es\/reduccion-de-su-inventario-y-plazos-de-entrega\/\",\"name\":\"Procesadores de Pl\u00e1stico en Monterrey, Transformadores de Pl\u00e1stico en Monterrey, Fabricaci\u00f3n de Moldes en Monterrey, Moldes en Monterrey, Fabricaci\u00f3n de moldes en China, Proveedores de Moldes en Monterrey\",\"isPartOf\":{\"@id\":\"https:\/\/providenceplastics.com\/es\/#website\"},\"datePublished\":\"2015-12-02T15:09:17+00:00\",\"dateModified\":\"2017-07-24T14:49:20+00:00\",\"description\":\"Procesadores de Pl\u00e1stico en Monterrey, Transformadores de Pl\u00e1stico en Monterrey, Fabricaci\u00f3n de Moldes en Monterrey, Moldes en Monterrey, Fabricaci\u00f3n de moldes en China, Proveedores de Moldes en Monterrey\",\"breadcrumb\":{\"@id\":\"https:\/\/providenceplastics.com\/es\/reduccion-de-su-inventario-y-plazos-de-entrega\/#breadcrumb\"},\"inLanguage\":\"es\",\"potentialAction\":[{\"@type\":\"ReadAction\",\"target\":[\"https:\/\/providenceplastics.com\/es\/reduccion-de-su-inventario-y-plazos-de-entrega\/\"]}]},{\"@type\":\"BreadcrumbList\",\"@id\":\"https:\/\/providenceplastics.com\/es\/reduccion-de-su-inventario-y-plazos-de-entrega\/#breadcrumb\",\"itemListElement\":[{\"@type\":\"ListItem\",\"position\":1,\"name\":\"Home\",\"item\":\"https:\/\/providenceplastics.com\/es\/\"},{\"@type\":\"ListItem\",\"position\":2,\"name\":\"Reducci\u00f3n de su Inventario y Plazos de Entrega\"}]},{\"@type\":\"WebSite\",\"@id\":\"https:\/\/providenceplastics.com\/es\/#website\",\"url\":\"https:\/\/providenceplastics.com\/es\/\",\"name\":\"Providence Plastics\",\"description\":\"\",\"potentialAction\":[{\"@type\":\"SearchAction\",\"target\":{\"@type\":\"EntryPoint\",\"urlTemplate\":\"https:\/\/providenceplastics.com\/es\/?s={search_term_string}\"},\"query-input\":\"required name=search_term_string\"}],\"inLanguage\":\"es\"}]}<\/script>\n<!-- \/ Yoast SEO plugin. -->","yoast_head_json":{"title":"Procesadores de Pl\u00e1stico en Monterrey, Transformadores de Pl\u00e1stico en Monterrey, Fabricaci\u00f3n de Moldes en Monterrey, Moldes en Monterrey, Fabricaci\u00f3n de moldes en China, Proveedores de Moldes en Monterrey","description":"Procesadores de Pl\u00e1stico en Monterrey, Transformadores de Pl\u00e1stico en Monterrey, Fabricaci\u00f3n de Moldes en Monterrey, Moldes en Monterrey, Fabricaci\u00f3n de moldes en China, Proveedores de Moldes en Monterrey","robots":{"index":"index","follow":"follow","max-snippet":"max-snippet:-1","max-image-preview":"max-image-preview:large","max-video-preview":"max-video-preview:-1"},"canonical":"https:\/\/providenceplastics.com\/es\/reduccion-de-su-inventario-y-plazos-de-entrega\/","og_locale":"es_ES","og_type":"article","og_title":"Procesadores de Pl\u00e1stico en Monterrey, Transformadores de Pl\u00e1stico en Monterrey, Fabricaci\u00f3n de Moldes en Monterrey, Moldes en Monterrey, Fabricaci\u00f3n de moldes en China, Proveedores de Moldes en Monterrey","og_description":"Procesadores de Pl\u00e1stico en Monterrey, Transformadores de Pl\u00e1stico en Monterrey, Fabricaci\u00f3n de Moldes en Monterrey, Moldes en Monterrey, Fabricaci\u00f3n de moldes en China, Proveedores de Moldes en Monterrey","og_url":"https:\/\/providenceplastics.com\/es\/reduccion-de-su-inventario-y-plazos-de-entrega\/","og_site_name":"Providence Plastics","article_modified_time":"2017-07-24T14:49:20+00:00","og_image":[{"url":"http:\/\/providenceplastics.com\/es\/wp-content\/themes\/providence\/images\/slide2-color.jpg"}],"twitter_card":"summary_large_image","twitter_misc":{"Tiempo de lectura":"1 minuto"},"schema":{"@context":"https:\/\/schema.org","@graph":[{"@type":"WebPage","@id":"https:\/\/providenceplastics.com\/es\/reduccion-de-su-inventario-y-plazos-de-entrega\/","url":"https:\/\/providenceplastics.com\/es\/reduccion-de-su-inventario-y-plazos-de-entrega\/","name":"Procesadores de Pl\u00e1stico en Monterrey, Transformadores de Pl\u00e1stico en Monterrey, Fabricaci\u00f3n de Moldes en Monterrey, Moldes en Monterrey, Fabricaci\u00f3n de moldes en China, Proveedores de Moldes en Monterrey","isPartOf":{"@id":"https:\/\/providenceplastics.com\/es\/#website"},"datePublished":"2015-12-02T15:09:17+00:00","dateModified":"2017-07-24T14:49:20+00:00","description":"Procesadores de Pl\u00e1stico en Monterrey, Transformadores de Pl\u00e1stico en Monterrey, Fabricaci\u00f3n de Moldes en Monterrey, Moldes en Monterrey, Fabricaci\u00f3n de moldes en China, Proveedores de Moldes en Monterrey","breadcrumb":{"@id":"https:\/\/providenceplastics.com\/es\/reduccion-de-su-inventario-y-plazos-de-entrega\/#breadcrumb"},"inLanguage":"es","potentialAction":[{"@type":"ReadAction","target":["https:\/\/providenceplastics.com\/es\/reduccion-de-su-inventario-y-plazos-de-entrega\/"]}]},{"@type":"BreadcrumbList","@id":"https:\/\/providenceplastics.com\/es\/reduccion-de-su-inventario-y-plazos-de-entrega\/#breadcrumb","itemListElement":[{"@type":"ListItem","position":1,"name":"Home","item":"https:\/\/providenceplastics.com\/es\/"},{"@type":"ListItem","position":2,"name":"Reducci\u00f3n de su Inventario y Plazos de Entrega"}]},{"@type":"WebSite","@id":"https:\/\/providenceplastics.com\/es\/#website","url":"https:\/\/providenceplastics.com\/es\/","name":"Providence Plastics","description":"","potentialAction":[{"@type":"SearchAction","target":{"@type":"EntryPoint","urlTemplate":"https:\/\/providenceplastics.com\/es\/?s={search_term_string}"},"query-input":"required name=search_term_string"}],"inLanguage":"es"}]}},"_links":{"self":[{"href":"https:\/\/providenceplastics.com\/es\/wp-json\/wp\/v2\/pages\/48"}],"collection":[{"href":"https:\/\/providenceplastics.com\/es\/wp-json\/wp\/v2\/pages"}],"about":[{"href":"https:\/\/providenceplastics.com\/es\/wp-json\/wp\/v2\/types\/page"}],"author":[{"embeddable":true,"href":"https:\/\/providenceplastics.com\/es\/wp-json\/wp\/v2\/users\/1"}],"replies":[{"embeddable":true,"href":"https:\/\/providenceplastics.com\/es\/wp-json\/wp\/v2\/comments?post=48"}],"version-history":[{"count":8,"href":"https:\/\/providenceplastics.com\/es\/wp-json\/wp\/v2\/pages\/48\/revisions"}],"predecessor-version":[{"id":226,"href":"https:\/\/providenceplastics.com\/es\/wp-json\/wp\/v2\/pages\/48\/revisions\/226"}],"wp:attachment":[{"href":"https:\/\/providenceplastics.com\/es\/wp-json\/wp\/v2\/media?parent=48"}],"curies":[{"name":"wp","href":"https:\/\/api.w.org\/{rel}","templated":true}]}}