{"id":46,"date":"2015-12-02T09:08:30","date_gmt":"2015-12-02T15:08:30","guid":{"rendered":"http:\/\/providenceplastics.com\/es\/?page_id=46"},"modified":"2017-07-24T16:48:33","modified_gmt":"2017-07-24T22:48:33","slug":"servicios-de-emergencia","status":"publish","type":"page","link":"https:\/\/providenceplastics.com\/es\/servicios-de-emergencia\/","title":{"rendered":"Servicios de Emergencia"},"content":{"rendered":"<div class=\"grid_6 alpha\"><img decoding=\"async\" loading=\"lazy\" class=\"\" src=\"http:\/\/providenceplastics.com\/es\/wp-content\/themes\/providence\/images\/slide3-color.jpg\" alt=\"\" width=\"466\" height=\"399\" \/><\/div>\n<div><\/div>\n<div class=\"grid_6 omega\">Si necesita una herramienta para estar en producci\u00f3n r\u00e1pidamente estamos all\u00ed para usted. Las emergencias ocurren ya veces es pr\u00e1cticamente imposible conseguir una m\u00e1quina para ejecutar partes. Si no hay partes puede significar sanciones o los costos de flete acelerados. Nuestro sistema de fabricaci\u00f3n flexible nos permite obtener las herramientas y correrlas muchas veces el mismo d\u00eda. Ofrecemos el servicio en cualquier momento.<\/div>\n","protected":false},"excerpt":{"rendered":"<p>Si necesita una herramienta para estar en producci\u00f3n r\u00e1pidamente estamos all\u00ed para usted. Las emergencias ocurren ya veces es pr\u00e1cticamente imposible conseguir una m\u00e1quina para ejecutar partes. Si no hay partes puede significar sanciones o los costos de flete acelerados. Nuestro sistema de fabricaci\u00f3n flexible nos permite obtener las herramientas y correrlas muchas veces el [&hellip;]<\/p>\n","protected":false},"author":1,"featured_media":0,"parent":0,"menu_order":0,"comment_status":"closed","ping_status":"closed","template":"","meta":[],"yoast_head":"<!-- This site is optimized with the Yoast SEO plugin v20.11 - https:\/\/yoast.com\/wordpress\/plugins\/seo\/ -->\n<title>Inyecci\u00f3n de plasticos en Monterrey, inyecci\u00f3n de componentes pl\u00e1sticos en monterrey, providence plasticos<\/title>\n<meta name=\"description\" content=\"Inyecci\u00f3n de plasticos en Monterrey, inyecci\u00f3n de componentes pl\u00e1sticos en monterrey, providence plasticos\" \/>\n<meta name=\"robots\" content=\"index, follow, max-snippet:-1, max-image-preview:large, max-video-preview:-1\" \/>\n<link rel=\"canonical\" href=\"https:\/\/providenceplastics.com\/es\/servicios-de-emergencia\/\" \/>\n<meta property=\"og:locale\" content=\"es_ES\" \/>\n<meta property=\"og:type\" content=\"article\" \/>\n<meta property=\"og:title\" content=\"Inyecci\u00f3n de plasticos en Monterrey, inyecci\u00f3n de componentes pl\u00e1sticos en monterrey, providence plasticos\" \/>\n<meta property=\"og:description\" content=\"Inyecci\u00f3n de plasticos en Monterrey, inyecci\u00f3n de componentes pl\u00e1sticos en monterrey, providence plasticos\" \/>\n<meta property=\"og:url\" content=\"https:\/\/providenceplastics.com\/es\/servicios-de-emergencia\/\" \/>\n<meta property=\"og:site_name\" content=\"Providence Plastics\" \/>\n<meta property=\"article:modified_time\" content=\"2017-07-24T22:48:33+00:00\" \/>\n<meta property=\"og:image\" content=\"http:\/\/providenceplastics.com\/es\/wp-content\/themes\/providence\/images\/slide3-color.jpg\" \/>\n<meta name=\"twitter:card\" content=\"summary_large_image\" \/>\n<script type=\"application\/ld+json\" class=\"yoast-schema-graph\">{\"@context\":\"https:\/\/schema.org\",\"@graph\":[{\"@type\":\"WebPage\",\"@id\":\"https:\/\/providenceplastics.com\/es\/servicios-de-emergencia\/\",\"url\":\"https:\/\/providenceplastics.com\/es\/servicios-de-emergencia\/\",\"name\":\"Inyecci\u00f3n de plasticos en Monterrey, inyecci\u00f3n de componentes pl\u00e1sticos en monterrey, providence plasticos\",\"isPartOf\":{\"@id\":\"https:\/\/providenceplastics.com\/es\/#website\"},\"datePublished\":\"2015-12-02T15:08:30+00:00\",\"dateModified\":\"2017-07-24T22:48:33+00:00\",\"description\":\"Inyecci\u00f3n de plasticos en Monterrey, inyecci\u00f3n de componentes pl\u00e1sticos en monterrey, providence plasticos\",\"breadcrumb\":{\"@id\":\"https:\/\/providenceplastics.com\/es\/servicios-de-emergencia\/#breadcrumb\"},\"inLanguage\":\"es\",\"potentialAction\":[{\"@type\":\"ReadAction\",\"target\":[\"https:\/\/providenceplastics.com\/es\/servicios-de-emergencia\/\"]}]},{\"@type\":\"BreadcrumbList\",\"@id\":\"https:\/\/providenceplastics.com\/es\/servicios-de-emergencia\/#breadcrumb\",\"itemListElement\":[{\"@type\":\"ListItem\",\"position\":1,\"name\":\"Home\",\"item\":\"https:\/\/providenceplastics.com\/es\/\"},{\"@type\":\"ListItem\",\"position\":2,\"name\":\"Servicios de Emergencia\"}]},{\"@type\":\"WebSite\",\"@id\":\"https:\/\/providenceplastics.com\/es\/#website\",\"url\":\"https:\/\/providenceplastics.com\/es\/\",\"name\":\"Providence Plastics\",\"description\":\"\",\"potentialAction\":[{\"@type\":\"SearchAction\",\"target\":{\"@type\":\"EntryPoint\",\"urlTemplate\":\"https:\/\/providenceplastics.com\/es\/?s={search_term_string}\"},\"query-input\":\"required name=search_term_string\"}],\"inLanguage\":\"es\"}]}<\/script>\n<!-- \/ Yoast SEO plugin. -->","yoast_head_json":{"title":"Inyecci\u00f3n de plasticos en Monterrey, inyecci\u00f3n de componentes pl\u00e1sticos en monterrey, providence plasticos","description":"Inyecci\u00f3n de plasticos en Monterrey, inyecci\u00f3n de componentes pl\u00e1sticos en monterrey, providence plasticos","robots":{"index":"index","follow":"follow","max-snippet":"max-snippet:-1","max-image-preview":"max-image-preview:large","max-video-preview":"max-video-preview:-1"},"canonical":"https:\/\/providenceplastics.com\/es\/servicios-de-emergencia\/","og_locale":"es_ES","og_type":"article","og_title":"Inyecci\u00f3n de plasticos en Monterrey, inyecci\u00f3n de componentes pl\u00e1sticos en monterrey, providence plasticos","og_description":"Inyecci\u00f3n de plasticos en Monterrey, inyecci\u00f3n de componentes pl\u00e1sticos en monterrey, providence plasticos","og_url":"https:\/\/providenceplastics.com\/es\/servicios-de-emergencia\/","og_site_name":"Providence Plastics","article_modified_time":"2017-07-24T22:48:33+00:00","og_image":[{"url":"http:\/\/providenceplastics.com\/es\/wp-content\/themes\/providence\/images\/slide3-color.jpg"}],"twitter_card":"summary_large_image","schema":{"@context":"https:\/\/schema.org","@graph":[{"@type":"WebPage","@id":"https:\/\/providenceplastics.com\/es\/servicios-de-emergencia\/","url":"https:\/\/providenceplastics.com\/es\/servicios-de-emergencia\/","name":"Inyecci\u00f3n de plasticos en Monterrey, inyecci\u00f3n de componentes pl\u00e1sticos en monterrey, providence plasticos","isPartOf":{"@id":"https:\/\/providenceplastics.com\/es\/#website"},"datePublished":"2015-12-02T15:08:30+00:00","dateModified":"2017-07-24T22:48:33+00:00","description":"Inyecci\u00f3n de plasticos en Monterrey, inyecci\u00f3n de componentes pl\u00e1sticos en monterrey, providence plasticos","breadcrumb":{"@id":"https:\/\/providenceplastics.com\/es\/servicios-de-emergencia\/#breadcrumb"},"inLanguage":"es","potentialAction":[{"@type":"ReadAction","target":["https:\/\/providenceplastics.com\/es\/servicios-de-emergencia\/"]}]},{"@type":"BreadcrumbList","@id":"https:\/\/providenceplastics.com\/es\/servicios-de-emergencia\/#breadcrumb","itemListElement":[{"@type":"ListItem","position":1,"name":"Home","item":"https:\/\/providenceplastics.com\/es\/"},{"@type":"ListItem","position":2,"name":"Servicios de Emergencia"}]},{"@type":"WebSite","@id":"https:\/\/providenceplastics.com\/es\/#website","url":"https:\/\/providenceplastics.com\/es\/","name":"Providence Plastics","description":"","potentialAction":[{"@type":"SearchAction","target":{"@type":"EntryPoint","urlTemplate":"https:\/\/providenceplastics.com\/es\/?s={search_term_string}"},"query-input":"required name=search_term_string"}],"inLanguage":"es"}]}},"_links":{"self":[{"href":"https:\/\/providenceplastics.com\/es\/wp-json\/wp\/v2\/pages\/46"}],"collection":[{"href":"https:\/\/providenceplastics.com\/es\/wp-json\/wp\/v2\/pages"}],"about":[{"href":"https:\/\/providenceplastics.com\/es\/wp-json\/wp\/v2\/types\/page"}],"author":[{"embeddable":true,"href":"https:\/\/providenceplastics.com\/es\/wp-json\/wp\/v2\/users\/1"}],"replies":[{"embeddable":true,"href":"https:\/\/providenceplastics.com\/es\/wp-json\/wp\/v2\/comments?post=46"}],"version-history":[{"count":9,"href":"https:\/\/providenceplastics.com\/es\/wp-json\/wp\/v2\/pages\/46\/revisions"}],"predecessor-version":[{"id":252,"href":"https:\/\/providenceplastics.com\/es\/wp-json\/wp\/v2\/pages\/46\/revisions\/252"}],"wp:attachment":[{"href":"https:\/\/providenceplastics.com\/es\/wp-json\/wp\/v2\/media?parent=46"}],"curies":[{"name":"wp","href":"https:\/\/api.w.org\/{rel}","templated":true}]}}