{"id":44,"date":"2015-12-02T09:08:15","date_gmt":"2015-12-02T15:08:15","guid":{"rendered":"http:\/\/providenceplastics.com\/es\/?page_id=44"},"modified":"2017-07-17T16:50:43","modified_gmt":"2017-07-17T22:50:43","slug":"capital-humano","status":"publish","type":"page","link":"https:\/\/providenceplastics.com\/es\/capital-humano\/","title":{"rendered":"Capital Humano"},"content":{"rendered":"<div class=\"grid_6 alpha\"><img decoding=\"async\" loading=\"lazy\" class=\"\" src=\"http:\/\/providenceplastics.com\/es\/wp-content\/themes\/providence\/images\/slide1-color.jpg\" alt=\"\" width=\"466\" height=\"399\" \/><\/div>\n<div class=\"grid_6 omega\">\n<p>Autorizamos a nuestros empleados para tomar decisiones diarias que nos lleva a la excelencia operativa. Es nuestra convicci\u00f3n de que nuestro personal es un elemento clave para alcanzar nuestras metas y \u00e9xito de la compa\u00f1\u00eda. Para asegurar un servicio personalizado con los precios m\u00e1s competitivos el personal participa activamente con los clientes. A trav\u00e9s de empleados autorizados se toman decisiones oportunas y se hacen con sus necesidades espec\u00edficas en mente.<\/p>\n<\/div>\n","protected":false},"excerpt":{"rendered":"<p>Autorizamos a nuestros empleados para tomar decisiones diarias que nos lleva a la excelencia operativa. Es nuestra convicci\u00f3n de que nuestro personal es un elemento clave para alcanzar nuestras metas y \u00e9xito de la compa\u00f1\u00eda. Para asegurar un servicio personalizado con los precios m\u00e1s competitivos el personal participa activamente con los clientes. A trav\u00e9s de [&hellip;]<\/p>\n","protected":false},"author":1,"featured_media":0,"parent":0,"menu_order":0,"comment_status":"closed","ping_status":"closed","template":"","meta":[],"yoast_head":"<!-- This site is optimized with the Yoast SEO plugin v20.11 - https:\/\/yoast.com\/wordpress\/plugins\/seo\/ -->\n<title>Inyecci\u00f3n de componentes pl\u00e1sticos monterrey, Inyecci\u00f3n de moldes plasticos, inyecci\u00f3n de envases de plastico<\/title>\n<meta name=\"description\" content=\"Inyecci\u00f3n de componentes pl\u00e1sticos monterrey, Inyecci\u00f3n de moldes plasticos, inyecci\u00f3n de envases de plastico\" \/>\n<meta name=\"robots\" content=\"index, follow, max-snippet:-1, max-image-preview:large, max-video-preview:-1\" \/>\n<link rel=\"canonical\" href=\"https:\/\/providenceplastics.com\/es\/capital-humano\/\" \/>\n<meta property=\"og:locale\" content=\"es_ES\" \/>\n<meta property=\"og:type\" content=\"article\" \/>\n<meta property=\"og:title\" content=\"Inyecci\u00f3n de componentes pl\u00e1sticos monterrey, Inyecci\u00f3n de moldes plasticos, inyecci\u00f3n de envases de plastico\" \/>\n<meta property=\"og:description\" content=\"Inyecci\u00f3n de componentes pl\u00e1sticos monterrey, Inyecci\u00f3n de moldes plasticos, inyecci\u00f3n de envases de plastico\" \/>\n<meta property=\"og:url\" content=\"https:\/\/providenceplastics.com\/es\/capital-humano\/\" \/>\n<meta property=\"og:site_name\" content=\"Providence Plastics\" \/>\n<meta property=\"article:modified_time\" content=\"2017-07-17T22:50:43+00:00\" \/>\n<meta property=\"og:image\" content=\"http:\/\/providenceplastics.com\/es\/wp-content\/themes\/providence\/images\/slide1-color.jpg\" \/>\n<meta name=\"twitter:card\" content=\"summary_large_image\" \/>\n<script type=\"application\/ld+json\" class=\"yoast-schema-graph\">{\"@context\":\"https:\/\/schema.org\",\"@graph\":[{\"@type\":\"WebPage\",\"@id\":\"https:\/\/providenceplastics.com\/es\/capital-humano\/\",\"url\":\"https:\/\/providenceplastics.com\/es\/capital-humano\/\",\"name\":\"Inyecci\u00f3n de componentes pl\u00e1sticos monterrey, Inyecci\u00f3n de moldes plasticos, inyecci\u00f3n de envases de plastico\",\"isPartOf\":{\"@id\":\"https:\/\/providenceplastics.com\/es\/#website\"},\"datePublished\":\"2015-12-02T15:08:15+00:00\",\"dateModified\":\"2017-07-17T22:50:43+00:00\",\"description\":\"Inyecci\u00f3n de componentes pl\u00e1sticos monterrey, Inyecci\u00f3n de moldes plasticos, inyecci\u00f3n de envases de plastico\",\"breadcrumb\":{\"@id\":\"https:\/\/providenceplastics.com\/es\/capital-humano\/#breadcrumb\"},\"inLanguage\":\"es\",\"potentialAction\":[{\"@type\":\"ReadAction\",\"target\":[\"https:\/\/providenceplastics.com\/es\/capital-humano\/\"]}]},{\"@type\":\"BreadcrumbList\",\"@id\":\"https:\/\/providenceplastics.com\/es\/capital-humano\/#breadcrumb\",\"itemListElement\":[{\"@type\":\"ListItem\",\"position\":1,\"name\":\"Home\",\"item\":\"https:\/\/providenceplastics.com\/es\/\"},{\"@type\":\"ListItem\",\"position\":2,\"name\":\"Capital Humano\"}]},{\"@type\":\"WebSite\",\"@id\":\"https:\/\/providenceplastics.com\/es\/#website\",\"url\":\"https:\/\/providenceplastics.com\/es\/\",\"name\":\"Providence Plastics\",\"description\":\"\",\"potentialAction\":[{\"@type\":\"SearchAction\",\"target\":{\"@type\":\"EntryPoint\",\"urlTemplate\":\"https:\/\/providenceplastics.com\/es\/?s={search_term_string}\"},\"query-input\":\"required name=search_term_string\"}],\"inLanguage\":\"es\"}]}<\/script>\n<!-- \/ Yoast SEO plugin. -->","yoast_head_json":{"title":"Inyecci\u00f3n de componentes pl\u00e1sticos monterrey, Inyecci\u00f3n de moldes plasticos, inyecci\u00f3n de envases de plastico","description":"Inyecci\u00f3n de componentes pl\u00e1sticos monterrey, Inyecci\u00f3n de moldes plasticos, inyecci\u00f3n de envases de plastico","robots":{"index":"index","follow":"follow","max-snippet":"max-snippet:-1","max-image-preview":"max-image-preview:large","max-video-preview":"max-video-preview:-1"},"canonical":"https:\/\/providenceplastics.com\/es\/capital-humano\/","og_locale":"es_ES","og_type":"article","og_title":"Inyecci\u00f3n de componentes pl\u00e1sticos monterrey, Inyecci\u00f3n de moldes plasticos, inyecci\u00f3n de envases de plastico","og_description":"Inyecci\u00f3n de componentes pl\u00e1sticos monterrey, Inyecci\u00f3n de moldes plasticos, inyecci\u00f3n de envases de plastico","og_url":"https:\/\/providenceplastics.com\/es\/capital-humano\/","og_site_name":"Providence Plastics","article_modified_time":"2017-07-17T22:50:43+00:00","og_image":[{"url":"http:\/\/providenceplastics.com\/es\/wp-content\/themes\/providence\/images\/slide1-color.jpg"}],"twitter_card":"summary_large_image","schema":{"@context":"https:\/\/schema.org","@graph":[{"@type":"WebPage","@id":"https:\/\/providenceplastics.com\/es\/capital-humano\/","url":"https:\/\/providenceplastics.com\/es\/capital-humano\/","name":"Inyecci\u00f3n de componentes pl\u00e1sticos monterrey, Inyecci\u00f3n de moldes plasticos, inyecci\u00f3n de envases de plastico","isPartOf":{"@id":"https:\/\/providenceplastics.com\/es\/#website"},"datePublished":"2015-12-02T15:08:15+00:00","dateModified":"2017-07-17T22:50:43+00:00","description":"Inyecci\u00f3n de componentes pl\u00e1sticos monterrey, Inyecci\u00f3n de moldes plasticos, inyecci\u00f3n de envases de plastico","breadcrumb":{"@id":"https:\/\/providenceplastics.com\/es\/capital-humano\/#breadcrumb"},"inLanguage":"es","potentialAction":[{"@type":"ReadAction","target":["https:\/\/providenceplastics.com\/es\/capital-humano\/"]}]},{"@type":"BreadcrumbList","@id":"https:\/\/providenceplastics.com\/es\/capital-humano\/#breadcrumb","itemListElement":[{"@type":"ListItem","position":1,"name":"Home","item":"https:\/\/providenceplastics.com\/es\/"},{"@type":"ListItem","position":2,"name":"Capital Humano"}]},{"@type":"WebSite","@id":"https:\/\/providenceplastics.com\/es\/#website","url":"https:\/\/providenceplastics.com\/es\/","name":"Providence Plastics","description":"","potentialAction":[{"@type":"SearchAction","target":{"@type":"EntryPoint","urlTemplate":"https:\/\/providenceplastics.com\/es\/?s={search_term_string}"},"query-input":"required name=search_term_string"}],"inLanguage":"es"}]}},"_links":{"self":[{"href":"https:\/\/providenceplastics.com\/es\/wp-json\/wp\/v2\/pages\/44"}],"collection":[{"href":"https:\/\/providenceplastics.com\/es\/wp-json\/wp\/v2\/pages"}],"about":[{"href":"https:\/\/providenceplastics.com\/es\/wp-json\/wp\/v2\/types\/page"}],"author":[{"embeddable":true,"href":"https:\/\/providenceplastics.com\/es\/wp-json\/wp\/v2\/users\/1"}],"replies":[{"embeddable":true,"href":"https:\/\/providenceplastics.com\/es\/wp-json\/wp\/v2\/comments?post=44"}],"version-history":[{"count":9,"href":"https:\/\/providenceplastics.com\/es\/wp-json\/wp\/v2\/pages\/44\/revisions"}],"predecessor-version":[{"id":222,"href":"https:\/\/providenceplastics.com\/es\/wp-json\/wp\/v2\/pages\/44\/revisions\/222"}],"wp:attachment":[{"href":"https:\/\/providenceplastics.com\/es\/wp-json\/wp\/v2\/media?parent=44"}],"curies":[{"name":"wp","href":"https:\/\/api.w.org\/{rel}","templated":true}]}}