{"id":23,"date":"2015-12-02T08:57:37","date_gmt":"2015-12-02T14:57:37","guid":{"rendered":"http:\/\/providenceplastics.com\/es\/?page_id=23"},"modified":"2023-06-02T11:32:20","modified_gmt":"2023-06-02T17:32:20","slug":"calidad","status":"publish","type":"page","link":"https:\/\/providenceplastics.com\/es\/calidad\/","title":{"rendered":"Calidad"},"content":{"rendered":"<p><img decoding=\"async\" loading=\"lazy\" class=\"alignnone wp-image-258 size-full\" src=\"https:\/\/providenceplastics.com\/es\/wp-content\/uploads\/2023\/05\/a7869.jpg\" alt=\"\" width=\"939\" height=\"237\" srcset=\"https:\/\/providenceplastics.com\/es\/wp-content\/uploads\/2023\/05\/a7869.jpg 939w, https:\/\/providenceplastics.com\/es\/wp-content\/uploads\/2023\/05\/a7869-300x76.jpg 300w, https:\/\/providenceplastics.com\/es\/wp-content\/uploads\/2023\/05\/a7869-768x194.jpg 768w, https:\/\/providenceplastics.com\/es\/wp-content\/uploads\/2023\/05\/a7869-420x106.jpg 420w\" sizes=\"(max-width: 939px) 100vw, 939px\" \/><\/p>\n<p>En Providence Plastics estamos comprometidos con la Mejora Continua.<\/p>\n<p>A trav\u00e9s de nuestra certificaci\u00f3n ISO 9001: 2015 (Certificado de Sistemas de Calidad), trabajamos para asegurar que cada parte que recibe satisface sus necesidades.<\/p>\n<p>La Administraci\u00f3n de Proyectos se lleva a trav\u00e9s de un solo punto de contacto donde recibir\u00e1 informes del APQP.\u00a0Nuestro proceso APQP ayuda a identificar y anticipar cualquier problema potencial durante el lanzamiento del proyecto y aplicar una metodolog\u00eda preventiva para reducir riesgos durante el proceso.<\/p>\n<p>Con herramientas sistem\u00e1ticas como 5\u00b4s de Kaizen creamos valor que podemos ofrecer a nuestros clientes de manera consistente.<\/p>\n<p>Nuestro Objetivo a futuro es certificarnos en IATF 16949 e ISO 14001.<br \/>\nToda la documentaci\u00f3n se adhiere a las normas del PPAP.<\/p>\n<p>Nuestro compromiso es responder a cuestiones de manera oportuna.\u00a0Luego implementar acciones para prevenir el mismo problema en el futuro.<\/p>\n<p><img decoding=\"async\" loading=\"lazy\" class=\"wp-image-253 aligncenter\" src=\"https:\/\/providenceplastics.com\/es\/wp-content\/uploads\/2023\/05\/ISO9001ANAB.png\" alt=\"\" width=\"396\" height=\"182\" srcset=\"https:\/\/providenceplastics.com\/es\/wp-content\/uploads\/2023\/05\/ISO9001ANAB.png 1530w, https:\/\/providenceplastics.com\/es\/wp-content\/uploads\/2023\/05\/ISO9001ANAB-300x138.png 300w, https:\/\/providenceplastics.com\/es\/wp-content\/uploads\/2023\/05\/ISO9001ANAB-1024x471.png 1024w, https:\/\/providenceplastics.com\/es\/wp-content\/uploads\/2023\/05\/ISO9001ANAB-768x353.png 768w, https:\/\/providenceplastics.com\/es\/wp-content\/uploads\/2023\/05\/ISO9001ANAB-420x193.png 420w\" sizes=\"(max-width: 396px) 100vw, 396px\" \/><\/p>\n","protected":false},"excerpt":{"rendered":"<p>En Providence Plastics estamos comprometidos con la Mejora Continua. A trav\u00e9s de nuestra certificaci\u00f3n ISO 9001: 2015 (Certificado de Sistemas de Calidad), trabajamos para asegurar que cada parte que recibe satisface sus necesidades. La Administraci\u00f3n de Proyectos se lleva a trav\u00e9s de un solo punto de contacto donde recibir\u00e1 informes del APQP.\u00a0Nuestro proceso APQP ayuda [&hellip;]<\/p>\n","protected":false},"author":1,"featured_media":0,"parent":0,"menu_order":0,"comment_status":"closed","ping_status":"closed","template":"","meta":[],"yoast_head":"<!-- This site is optimized with the Yoast SEO plugin v20.11 - https:\/\/yoast.com\/wordpress\/plugins\/seo\/ -->\n<title>Moldeo por inyecci\u00f3n de plasticos, Moldeo por inyecci\u00f3n profesional, inyecci\u00f3n de plastico mexico<\/title>\n<meta name=\"description\" content=\"Moldeo por inyecci\u00f3n de plasticos, Moldeo por inyecci\u00f3n profesional, inyecci\u00f3n de plastico mexico\" \/>\n<meta name=\"robots\" content=\"index, follow, max-snippet:-1, max-image-preview:large, max-video-preview:-1\" \/>\n<link rel=\"canonical\" href=\"https:\/\/providenceplastics.com\/es\/calidad\/\" \/>\n<meta property=\"og:locale\" content=\"es_ES\" \/>\n<meta property=\"og:type\" content=\"article\" \/>\n<meta property=\"og:title\" content=\"Moldeo por inyecci\u00f3n de plasticos, Moldeo por inyecci\u00f3n profesional, inyecci\u00f3n de plastico mexico\" \/>\n<meta property=\"og:description\" content=\"Moldeo por inyecci\u00f3n de plasticos, Moldeo por inyecci\u00f3n profesional, inyecci\u00f3n de plastico mexico\" \/>\n<meta property=\"og:url\" content=\"https:\/\/providenceplastics.com\/es\/calidad\/\" \/>\n<meta property=\"og:site_name\" content=\"Providence Plastics\" \/>\n<meta property=\"article:modified_time\" content=\"2023-06-02T17:32:20+00:00\" \/>\n<meta property=\"og:image\" content=\"https:\/\/providenceplastics.com\/es\/wp-content\/uploads\/2023\/05\/a7869.jpg\" \/>\n<meta name=\"twitter:card\" content=\"summary_large_image\" \/>\n<meta name=\"twitter:label1\" content=\"Tiempo de lectura\" \/>\n\t<meta name=\"twitter:data1\" content=\"2 minutos\" \/>\n<script type=\"application\/ld+json\" class=\"yoast-schema-graph\">{\"@context\":\"https:\/\/schema.org\",\"@graph\":[{\"@type\":\"WebPage\",\"@id\":\"https:\/\/providenceplastics.com\/es\/calidad\/\",\"url\":\"https:\/\/providenceplastics.com\/es\/calidad\/\",\"name\":\"Moldeo por inyecci\u00f3n de plasticos, Moldeo por inyecci\u00f3n profesional, inyecci\u00f3n de plastico mexico\",\"isPartOf\":{\"@id\":\"https:\/\/providenceplastics.com\/es\/#website\"},\"datePublished\":\"2015-12-02T14:57:37+00:00\",\"dateModified\":\"2023-06-02T17:32:20+00:00\",\"description\":\"Moldeo por inyecci\u00f3n de plasticos, Moldeo por inyecci\u00f3n profesional, inyecci\u00f3n de plastico mexico\",\"breadcrumb\":{\"@id\":\"https:\/\/providenceplastics.com\/es\/calidad\/#breadcrumb\"},\"inLanguage\":\"es\",\"potentialAction\":[{\"@type\":\"ReadAction\",\"target\":[\"https:\/\/providenceplastics.com\/es\/calidad\/\"]}]},{\"@type\":\"BreadcrumbList\",\"@id\":\"https:\/\/providenceplastics.com\/es\/calidad\/#breadcrumb\",\"itemListElement\":[{\"@type\":\"ListItem\",\"position\":1,\"name\":\"Home\",\"item\":\"https:\/\/providenceplastics.com\/es\/\"},{\"@type\":\"ListItem\",\"position\":2,\"name\":\"Calidad\"}]},{\"@type\":\"WebSite\",\"@id\":\"https:\/\/providenceplastics.com\/es\/#website\",\"url\":\"https:\/\/providenceplastics.com\/es\/\",\"name\":\"Providence Plastics\",\"description\":\"\",\"potentialAction\":[{\"@type\":\"SearchAction\",\"target\":{\"@type\":\"EntryPoint\",\"urlTemplate\":\"https:\/\/providenceplastics.com\/es\/?s={search_term_string}\"},\"query-input\":\"required name=search_term_string\"}],\"inLanguage\":\"es\"}]}<\/script>\n<!-- \/ Yoast SEO plugin. -->","yoast_head_json":{"title":"Moldeo por inyecci\u00f3n de plasticos, Moldeo por inyecci\u00f3n profesional, inyecci\u00f3n de plastico mexico","description":"Moldeo por inyecci\u00f3n de plasticos, Moldeo por inyecci\u00f3n profesional, inyecci\u00f3n de plastico mexico","robots":{"index":"index","follow":"follow","max-snippet":"max-snippet:-1","max-image-preview":"max-image-preview:large","max-video-preview":"max-video-preview:-1"},"canonical":"https:\/\/providenceplastics.com\/es\/calidad\/","og_locale":"es_ES","og_type":"article","og_title":"Moldeo por inyecci\u00f3n de plasticos, Moldeo por inyecci\u00f3n profesional, inyecci\u00f3n de plastico mexico","og_description":"Moldeo por inyecci\u00f3n de plasticos, Moldeo por inyecci\u00f3n profesional, inyecci\u00f3n de plastico mexico","og_url":"https:\/\/providenceplastics.com\/es\/calidad\/","og_site_name":"Providence Plastics","article_modified_time":"2023-06-02T17:32:20+00:00","og_image":[{"url":"https:\/\/providenceplastics.com\/es\/wp-content\/uploads\/2023\/05\/a7869.jpg"}],"twitter_card":"summary_large_image","twitter_misc":{"Tiempo de lectura":"2 minutos"},"schema":{"@context":"https:\/\/schema.org","@graph":[{"@type":"WebPage","@id":"https:\/\/providenceplastics.com\/es\/calidad\/","url":"https:\/\/providenceplastics.com\/es\/calidad\/","name":"Moldeo por inyecci\u00f3n de plasticos, Moldeo por inyecci\u00f3n profesional, inyecci\u00f3n de plastico mexico","isPartOf":{"@id":"https:\/\/providenceplastics.com\/es\/#website"},"datePublished":"2015-12-02T14:57:37+00:00","dateModified":"2023-06-02T17:32:20+00:00","description":"Moldeo por inyecci\u00f3n de plasticos, Moldeo por inyecci\u00f3n profesional, inyecci\u00f3n de plastico mexico","breadcrumb":{"@id":"https:\/\/providenceplastics.com\/es\/calidad\/#breadcrumb"},"inLanguage":"es","potentialAction":[{"@type":"ReadAction","target":["https:\/\/providenceplastics.com\/es\/calidad\/"]}]},{"@type":"BreadcrumbList","@id":"https:\/\/providenceplastics.com\/es\/calidad\/#breadcrumb","itemListElement":[{"@type":"ListItem","position":1,"name":"Home","item":"https:\/\/providenceplastics.com\/es\/"},{"@type":"ListItem","position":2,"name":"Calidad"}]},{"@type":"WebSite","@id":"https:\/\/providenceplastics.com\/es\/#website","url":"https:\/\/providenceplastics.com\/es\/","name":"Providence Plastics","description":"","potentialAction":[{"@type":"SearchAction","target":{"@type":"EntryPoint","urlTemplate":"https:\/\/providenceplastics.com\/es\/?s={search_term_string}"},"query-input":"required name=search_term_string"}],"inLanguage":"es"}]}},"_links":{"self":[{"href":"https:\/\/providenceplastics.com\/es\/wp-json\/wp\/v2\/pages\/23"}],"collection":[{"href":"https:\/\/providenceplastics.com\/es\/wp-json\/wp\/v2\/pages"}],"about":[{"href":"https:\/\/providenceplastics.com\/es\/wp-json\/wp\/v2\/types\/page"}],"author":[{"embeddable":true,"href":"https:\/\/providenceplastics.com\/es\/wp-json\/wp\/v2\/users\/1"}],"replies":[{"embeddable":true,"href":"https:\/\/providenceplastics.com\/es\/wp-json\/wp\/v2\/comments?post=23"}],"version-history":[{"count":11,"href":"https:\/\/providenceplastics.com\/es\/wp-json\/wp\/v2\/pages\/23\/revisions"}],"predecessor-version":[{"id":261,"href":"https:\/\/providenceplastics.com\/es\/wp-json\/wp\/v2\/pages\/23\/revisions\/261"}],"wp:attachment":[{"href":"https:\/\/providenceplastics.com\/es\/wp-json\/wp\/v2\/media?parent=23"}],"curies":[{"name":"wp","href":"https:\/\/api.w.org\/{rel}","templated":true}]}}