{"id":21,"date":"2015-12-02T08:57:20","date_gmt":"2015-12-02T14:57:20","guid":{"rendered":"http:\/\/providenceplastics.com\/es\/?page_id=21"},"modified":"2017-07-24T08:57:25","modified_gmt":"2017-07-24T14:57:25","slug":"moldes","status":"publish","type":"page","link":"https:\/\/providenceplastics.com\/es\/moldes\/","title":{"rendered":"Moldes"},"content":{"rendered":"<h4>Dise\u00f1o y Fabricaci\u00f3n de Moldes<\/h4>\n<p>Despu\u00e9s de trabajar con cientos de transferencias de moldes, hemos desarrollado un sistema probado para poner en marcha r\u00e1pidamente y sin problemas proyectos para sus moldes existentes. No espere a su pr\u00f3ximo proyecto de moldes para ahorrar dinero. Ud. puede obtener un ahorro inmediato mediante la transferencia de sus herramientas existentes ahora.<\/p>\n<p>Ofrecemos servicios de dise\u00f1o y fabricaci\u00f3n de herramientas. A trav\u00e9s de la participaci\u00f3n temprana en el proyecto Providence Plastics puede ayudar al dise\u00f1o de las herramientas para su empresa o hacer sugerencias sobre los dise\u00f1os actuales que reducir\u00e1n el costo sobre el precio final. Deje que nuestros a\u00f1os de experiencia le ayudan a ahorrar dinero trabajando con nosotros durante el proceso de la concepci\u00f3n de su herramienta.<\/p>\n<p>Las capacidades actuales incluyen la fabricaci\u00f3n de moldes prototipo y moldes de producci\u00f3n.<\/p>\n<p><strong>Capacidad para Proyectos con m\u00faltiples moldes<\/strong><br \/>\n<img decoding=\"async\" loading=\"lazy\" class=\"alignnone size-full wp-image-143\" src=\"http:\/\/providenceplastics.com\/es\/wp-content\/uploads\/2015\/12\/980.jpg\" alt=\"980\" width=\"939\" height=\"237\" srcset=\"https:\/\/providenceplastics.com\/es\/wp-content\/uploads\/2015\/12\/980.jpg 939w, https:\/\/providenceplastics.com\/es\/wp-content\/uploads\/2015\/12\/980-300x76.jpg 300w, https:\/\/providenceplastics.com\/es\/wp-content\/uploads\/2015\/12\/980-420x106.jpg 420w\" sizes=\"(max-width: 939px) 100vw, 939px\" \/><\/p>\n","protected":false},"excerpt":{"rendered":"<p>Dise\u00f1o y Fabricaci\u00f3n de Moldes Despu\u00e9s de trabajar con cientos de transferencias de moldes, hemos desarrollado un sistema probado para poner en marcha r\u00e1pidamente y sin problemas proyectos para sus moldes existentes. No espere a su pr\u00f3ximo proyecto de moldes para ahorrar dinero. Ud. puede obtener un ahorro inmediato mediante la transferencia de sus herramientas [&hellip;]<\/p>\n","protected":false},"author":1,"featured_media":0,"parent":0,"menu_order":0,"comment_status":"closed","ping_status":"closed","template":"","meta":[],"yoast_head":"<!-- This site is optimized with the Yoast SEO plugin v20.11 - https:\/\/yoast.com\/wordpress\/plugins\/seo\/ -->\n<title>Dise\u00f1o de moldes de plastico, fabricaci\u00f3n de moldes de plastico para inyecci\u00f3n, providence plasticos<\/title>\n<meta name=\"description\" content=\"Dise\u00f1o de moldes de plastico, fabricaci\u00f3n de moldes de plastico para inyecci\u00f3n, providence plasticos\" \/>\n<meta name=\"robots\" content=\"index, follow, max-snippet:-1, max-image-preview:large, max-video-preview:-1\" \/>\n<link rel=\"canonical\" href=\"https:\/\/providenceplastics.com\/es\/moldes\/\" \/>\n<meta property=\"og:locale\" content=\"es_ES\" \/>\n<meta property=\"og:type\" content=\"article\" \/>\n<meta property=\"og:title\" content=\"Dise\u00f1o de moldes de plastico, fabricaci\u00f3n de moldes de plastico para inyecci\u00f3n, providence plasticos\" \/>\n<meta property=\"og:description\" content=\"Dise\u00f1o de moldes de plastico, fabricaci\u00f3n de moldes de plastico para inyecci\u00f3n, providence plasticos\" \/>\n<meta property=\"og:url\" content=\"https:\/\/providenceplastics.com\/es\/moldes\/\" \/>\n<meta property=\"og:site_name\" content=\"Providence Plastics\" \/>\n<meta property=\"article:modified_time\" content=\"2017-07-24T14:57:25+00:00\" \/>\n<meta property=\"og:image\" content=\"http:\/\/providenceplastics.com\/es\/wp-content\/uploads\/2015\/12\/980.jpg\" \/>\n<meta name=\"twitter:card\" content=\"summary_large_image\" \/>\n<meta name=\"twitter:label1\" content=\"Tiempo de lectura\" \/>\n\t<meta name=\"twitter:data1\" content=\"1 minuto\" \/>\n<script type=\"application\/ld+json\" class=\"yoast-schema-graph\">{\"@context\":\"https:\/\/schema.org\",\"@graph\":[{\"@type\":\"WebPage\",\"@id\":\"https:\/\/providenceplastics.com\/es\/moldes\/\",\"url\":\"https:\/\/providenceplastics.com\/es\/moldes\/\",\"name\":\"Dise\u00f1o de moldes de plastico, fabricaci\u00f3n de moldes de plastico para inyecci\u00f3n, providence plasticos\",\"isPartOf\":{\"@id\":\"https:\/\/providenceplastics.com\/es\/#website\"},\"datePublished\":\"2015-12-02T14:57:20+00:00\",\"dateModified\":\"2017-07-24T14:57:25+00:00\",\"description\":\"Dise\u00f1o de moldes de plastico, fabricaci\u00f3n de moldes de plastico para inyecci\u00f3n, providence plasticos\",\"breadcrumb\":{\"@id\":\"https:\/\/providenceplastics.com\/es\/moldes\/#breadcrumb\"},\"inLanguage\":\"es\",\"potentialAction\":[{\"@type\":\"ReadAction\",\"target\":[\"https:\/\/providenceplastics.com\/es\/moldes\/\"]}]},{\"@type\":\"BreadcrumbList\",\"@id\":\"https:\/\/providenceplastics.com\/es\/moldes\/#breadcrumb\",\"itemListElement\":[{\"@type\":\"ListItem\",\"position\":1,\"name\":\"Home\",\"item\":\"https:\/\/providenceplastics.com\/es\/\"},{\"@type\":\"ListItem\",\"position\":2,\"name\":\"Moldes\"}]},{\"@type\":\"WebSite\",\"@id\":\"https:\/\/providenceplastics.com\/es\/#website\",\"url\":\"https:\/\/providenceplastics.com\/es\/\",\"name\":\"Providence Plastics\",\"description\":\"\",\"potentialAction\":[{\"@type\":\"SearchAction\",\"target\":{\"@type\":\"EntryPoint\",\"urlTemplate\":\"https:\/\/providenceplastics.com\/es\/?s={search_term_string}\"},\"query-input\":\"required name=search_term_string\"}],\"inLanguage\":\"es\"}]}<\/script>\n<!-- \/ Yoast SEO plugin. -->","yoast_head_json":{"title":"Dise\u00f1o de moldes de plastico, fabricaci\u00f3n de moldes de plastico para inyecci\u00f3n, providence plasticos","description":"Dise\u00f1o de moldes de plastico, fabricaci\u00f3n de moldes de plastico para inyecci\u00f3n, providence plasticos","robots":{"index":"index","follow":"follow","max-snippet":"max-snippet:-1","max-image-preview":"max-image-preview:large","max-video-preview":"max-video-preview:-1"},"canonical":"https:\/\/providenceplastics.com\/es\/moldes\/","og_locale":"es_ES","og_type":"article","og_title":"Dise\u00f1o de moldes de plastico, fabricaci\u00f3n de moldes de plastico para inyecci\u00f3n, providence plasticos","og_description":"Dise\u00f1o de moldes de plastico, fabricaci\u00f3n de moldes de plastico para inyecci\u00f3n, providence plasticos","og_url":"https:\/\/providenceplastics.com\/es\/moldes\/","og_site_name":"Providence Plastics","article_modified_time":"2017-07-24T14:57:25+00:00","og_image":[{"url":"http:\/\/providenceplastics.com\/es\/wp-content\/uploads\/2015\/12\/980.jpg"}],"twitter_card":"summary_large_image","twitter_misc":{"Tiempo de lectura":"1 minuto"},"schema":{"@context":"https:\/\/schema.org","@graph":[{"@type":"WebPage","@id":"https:\/\/providenceplastics.com\/es\/moldes\/","url":"https:\/\/providenceplastics.com\/es\/moldes\/","name":"Dise\u00f1o de moldes de plastico, fabricaci\u00f3n de moldes de plastico para inyecci\u00f3n, providence plasticos","isPartOf":{"@id":"https:\/\/providenceplastics.com\/es\/#website"},"datePublished":"2015-12-02T14:57:20+00:00","dateModified":"2017-07-24T14:57:25+00:00","description":"Dise\u00f1o de moldes de plastico, fabricaci\u00f3n de moldes de plastico para inyecci\u00f3n, providence plasticos","breadcrumb":{"@id":"https:\/\/providenceplastics.com\/es\/moldes\/#breadcrumb"},"inLanguage":"es","potentialAction":[{"@type":"ReadAction","target":["https:\/\/providenceplastics.com\/es\/moldes\/"]}]},{"@type":"BreadcrumbList","@id":"https:\/\/providenceplastics.com\/es\/moldes\/#breadcrumb","itemListElement":[{"@type":"ListItem","position":1,"name":"Home","item":"https:\/\/providenceplastics.com\/es\/"},{"@type":"ListItem","position":2,"name":"Moldes"}]},{"@type":"WebSite","@id":"https:\/\/providenceplastics.com\/es\/#website","url":"https:\/\/providenceplastics.com\/es\/","name":"Providence Plastics","description":"","potentialAction":[{"@type":"SearchAction","target":{"@type":"EntryPoint","urlTemplate":"https:\/\/providenceplastics.com\/es\/?s={search_term_string}"},"query-input":"required name=search_term_string"}],"inLanguage":"es"}]}},"_links":{"self":[{"href":"https:\/\/providenceplastics.com\/es\/wp-json\/wp\/v2\/pages\/21"}],"collection":[{"href":"https:\/\/providenceplastics.com\/es\/wp-json\/wp\/v2\/pages"}],"about":[{"href":"https:\/\/providenceplastics.com\/es\/wp-json\/wp\/v2\/types\/page"}],"author":[{"embeddable":true,"href":"https:\/\/providenceplastics.com\/es\/wp-json\/wp\/v2\/users\/1"}],"replies":[{"embeddable":true,"href":"https:\/\/providenceplastics.com\/es\/wp-json\/wp\/v2\/comments?post=21"}],"version-history":[{"count":7,"href":"https:\/\/providenceplastics.com\/es\/wp-json\/wp\/v2\/pages\/21\/revisions"}],"predecessor-version":[{"id":218,"href":"https:\/\/providenceplastics.com\/es\/wp-json\/wp\/v2\/pages\/21\/revisions\/218"}],"wp:attachment":[{"href":"https:\/\/providenceplastics.com\/es\/wp-json\/wp\/v2\/media?parent=21"}],"curies":[{"name":"wp","href":"https:\/\/api.w.org\/{rel}","templated":true}]}}