{"id":2,"date":"2015-12-02T08:47:37","date_gmt":"2015-12-02T14:47:37","guid":{"rendered":"http:\/\/providenceplastics.com\/es\/?page_id=2"},"modified":"2017-07-15T11:46:31","modified_gmt":"2017-07-15T17:46:31","slug":"inicio","status":"publish","type":"page","link":"https:\/\/providenceplastics.com\/es\/","title":{"rendered":"Inicio"},"content":{"rendered":"","protected":false},"excerpt":{"rendered":"","protected":false},"author":1,"featured_media":0,"parent":0,"menu_order":0,"comment_status":"closed","ping_status":"closed","template":"home.php","meta":[],"yoast_head":"<!-- This site is optimized with the Yoast SEO plugin v20.11 - https:\/\/yoast.com\/wordpress\/plugins\/seo\/ -->\n<title>Inyecci\u00f3n de pl\u00e1stico Monterrey, Maquila de pl\u00e1stico Monterrey, Proveedores de Pl\u00e1stico en Monterrey, Fabricantes de pl\u00e1stico Mty, M\u00e1quinas de Inyecci\u00f3n en Monterrey, Moldeadores de Pl\u00e1stico en Mty<\/title>\n<meta name=\"description\" content=\"Inyecci\u00f3n de pl\u00e1stico Monterrey, Maquila de pl\u00e1stico Monterrey, Proveedores de Pl\u00e1stico en Monterrey, Fabricantes de pl\u00e1stico Mty, M\u00e1quinas de Inyecci\u00f3n en Monterrey, Moldeadores de Pl\u00e1stico en Mty\" \/>\n<meta name=\"robots\" content=\"index, follow, max-snippet:-1, max-image-preview:large, max-video-preview:-1\" \/>\n<link rel=\"canonical\" href=\"https:\/\/providenceplastics.com\/es\/\" \/>\n<meta property=\"og:locale\" content=\"es_ES\" \/>\n<meta property=\"og:type\" content=\"article\" \/>\n<meta property=\"og:title\" content=\"Inyecci\u00f3n de pl\u00e1stico Monterrey, Maquila de pl\u00e1stico Monterrey, Proveedores de Pl\u00e1stico en Monterrey, Fabricantes de pl\u00e1stico Mty, M\u00e1quinas de Inyecci\u00f3n en Monterrey, Moldeadores de Pl\u00e1stico en Mty\" \/>\n<meta property=\"og:description\" content=\"Inyecci\u00f3n de pl\u00e1stico Monterrey, Maquila de pl\u00e1stico Monterrey, Proveedores de Pl\u00e1stico en Monterrey, Fabricantes de pl\u00e1stico Mty, M\u00e1quinas de Inyecci\u00f3n en Monterrey, Moldeadores de Pl\u00e1stico en Mty\" \/>\n<meta property=\"og:url\" content=\"https:\/\/providenceplastics.com\/es\/\" \/>\n<meta property=\"og:site_name\" content=\"Providence Plastics\" \/>\n<meta property=\"article:modified_time\" content=\"2017-07-15T17:46:31+00:00\" \/>\n<meta name=\"twitter:card\" content=\"summary_large_image\" \/>\n<script type=\"application\/ld+json\" class=\"yoast-schema-graph\">{\"@context\":\"https:\/\/schema.org\",\"@graph\":[{\"@type\":\"WebPage\",\"@id\":\"https:\/\/providenceplastics.com\/es\/\",\"url\":\"https:\/\/providenceplastics.com\/es\/\",\"name\":\"Inyecci\u00f3n de pl\u00e1stico Monterrey, Maquila de pl\u00e1stico Monterrey, Proveedores de Pl\u00e1stico en Monterrey, Fabricantes de pl\u00e1stico Mty, M\u00e1quinas de Inyecci\u00f3n en Monterrey, Moldeadores de Pl\u00e1stico en Mty\",\"isPartOf\":{\"@id\":\"https:\/\/providenceplastics.com\/es\/#website\"},\"datePublished\":\"2015-12-02T14:47:37+00:00\",\"dateModified\":\"2017-07-15T17:46:31+00:00\",\"description\":\"Inyecci\u00f3n de pl\u00e1stico Monterrey, Maquila de pl\u00e1stico Monterrey, Proveedores de Pl\u00e1stico en Monterrey, Fabricantes de pl\u00e1stico Mty, M\u00e1quinas de Inyecci\u00f3n en Monterrey, Moldeadores de Pl\u00e1stico en Mty\",\"breadcrumb\":{\"@id\":\"https:\/\/providenceplastics.com\/es\/#breadcrumb\"},\"inLanguage\":\"es\",\"potentialAction\":[{\"@type\":\"ReadAction\",\"target\":[\"https:\/\/providenceplastics.com\/es\/\"]}]},{\"@type\":\"BreadcrumbList\",\"@id\":\"https:\/\/providenceplastics.com\/es\/#breadcrumb\",\"itemListElement\":[{\"@type\":\"ListItem\",\"position\":1,\"name\":\"Home\",\"item\":\"https:\/\/providenceplastics.com\/es\/\"},{\"@type\":\"ListItem\",\"position\":2,\"name\":\"Inicio\"}]},{\"@type\":\"WebSite\",\"@id\":\"https:\/\/providenceplastics.com\/es\/#website\",\"url\":\"https:\/\/providenceplastics.com\/es\/\",\"name\":\"Providence Plastics\",\"description\":\"\",\"potentialAction\":[{\"@type\":\"SearchAction\",\"target\":{\"@type\":\"EntryPoint\",\"urlTemplate\":\"https:\/\/providenceplastics.com\/es\/?s={search_term_string}\"},\"query-input\":\"required name=search_term_string\"}],\"inLanguage\":\"es\"}]}<\/script>\n<!-- \/ Yoast SEO plugin. -->","yoast_head_json":{"title":"Inyecci\u00f3n de pl\u00e1stico Monterrey, Maquila de pl\u00e1stico Monterrey, Proveedores de Pl\u00e1stico en Monterrey, Fabricantes de pl\u00e1stico Mty, M\u00e1quinas de Inyecci\u00f3n en Monterrey, Moldeadores de Pl\u00e1stico en Mty","description":"Inyecci\u00f3n de pl\u00e1stico Monterrey, Maquila de pl\u00e1stico Monterrey, Proveedores de Pl\u00e1stico en Monterrey, Fabricantes de pl\u00e1stico Mty, M\u00e1quinas de Inyecci\u00f3n en Monterrey, Moldeadores de Pl\u00e1stico en Mty","robots":{"index":"index","follow":"follow","max-snippet":"max-snippet:-1","max-image-preview":"max-image-preview:large","max-video-preview":"max-video-preview:-1"},"canonical":"https:\/\/providenceplastics.com\/es\/","og_locale":"es_ES","og_type":"article","og_title":"Inyecci\u00f3n de pl\u00e1stico Monterrey, Maquila de pl\u00e1stico Monterrey, Proveedores de Pl\u00e1stico en Monterrey, Fabricantes de pl\u00e1stico Mty, M\u00e1quinas de Inyecci\u00f3n en Monterrey, Moldeadores de Pl\u00e1stico en Mty","og_description":"Inyecci\u00f3n de pl\u00e1stico Monterrey, Maquila de pl\u00e1stico Monterrey, Proveedores de Pl\u00e1stico en Monterrey, Fabricantes de pl\u00e1stico Mty, M\u00e1quinas de Inyecci\u00f3n en Monterrey, Moldeadores de Pl\u00e1stico en Mty","og_url":"https:\/\/providenceplastics.com\/es\/","og_site_name":"Providence Plastics","article_modified_time":"2017-07-15T17:46:31+00:00","twitter_card":"summary_large_image","schema":{"@context":"https:\/\/schema.org","@graph":[{"@type":"WebPage","@id":"https:\/\/providenceplastics.com\/es\/","url":"https:\/\/providenceplastics.com\/es\/","name":"Inyecci\u00f3n de pl\u00e1stico Monterrey, Maquila de pl\u00e1stico Monterrey, Proveedores de Pl\u00e1stico en Monterrey, Fabricantes de pl\u00e1stico Mty, M\u00e1quinas de Inyecci\u00f3n en Monterrey, Moldeadores de Pl\u00e1stico en Mty","isPartOf":{"@id":"https:\/\/providenceplastics.com\/es\/#website"},"datePublished":"2015-12-02T14:47:37+00:00","dateModified":"2017-07-15T17:46:31+00:00","description":"Inyecci\u00f3n de pl\u00e1stico Monterrey, Maquila de pl\u00e1stico Monterrey, Proveedores de Pl\u00e1stico en Monterrey, Fabricantes de pl\u00e1stico Mty, M\u00e1quinas de Inyecci\u00f3n en Monterrey, Moldeadores de Pl\u00e1stico en Mty","breadcrumb":{"@id":"https:\/\/providenceplastics.com\/es\/#breadcrumb"},"inLanguage":"es","potentialAction":[{"@type":"ReadAction","target":["https:\/\/providenceplastics.com\/es\/"]}]},{"@type":"BreadcrumbList","@id":"https:\/\/providenceplastics.com\/es\/#breadcrumb","itemListElement":[{"@type":"ListItem","position":1,"name":"Home","item":"https:\/\/providenceplastics.com\/es\/"},{"@type":"ListItem","position":2,"name":"Inicio"}]},{"@type":"WebSite","@id":"https:\/\/providenceplastics.com\/es\/#website","url":"https:\/\/providenceplastics.com\/es\/","name":"Providence Plastics","description":"","potentialAction":[{"@type":"SearchAction","target":{"@type":"EntryPoint","urlTemplate":"https:\/\/providenceplastics.com\/es\/?s={search_term_string}"},"query-input":"required name=search_term_string"}],"inLanguage":"es"}]}},"_links":{"self":[{"href":"https:\/\/providenceplastics.com\/es\/wp-json\/wp\/v2\/pages\/2"}],"collection":[{"href":"https:\/\/providenceplastics.com\/es\/wp-json\/wp\/v2\/pages"}],"about":[{"href":"https:\/\/providenceplastics.com\/es\/wp-json\/wp\/v2\/types\/page"}],"author":[{"embeddable":true,"href":"https:\/\/providenceplastics.com\/es\/wp-json\/wp\/v2\/users\/1"}],"replies":[{"embeddable":true,"href":"https:\/\/providenceplastics.com\/es\/wp-json\/wp\/v2\/comments?post=2"}],"version-history":[{"count":4,"href":"https:\/\/providenceplastics.com\/es\/wp-json\/wp\/v2\/pages\/2\/revisions"}],"predecessor-version":[{"id":243,"href":"https:\/\/providenceplastics.com\/es\/wp-json\/wp\/v2\/pages\/2\/revisions\/243"}],"wp:attachment":[{"href":"https:\/\/providenceplastics.com\/es\/wp-json\/wp\/v2\/media?parent=2"}],"curies":[{"name":"wp","href":"https:\/\/api.w.org\/{rel}","templated":true}]}}