{"id":19,"date":"2015-12-02T08:57:11","date_gmt":"2015-12-02T14:57:11","guid":{"rendered":"http:\/\/providenceplastics.com\/es\/?page_id=19"},"modified":"2017-07-24T16:47:25","modified_gmt":"2017-07-24T22:47:25","slug":"moldeo","status":"publish","type":"page","link":"https:\/\/providenceplastics.com\/es\/moldeo\/","title":{"rendered":"Moldeo"},"content":{"rendered":"<p><img decoding=\"async\" loading=\"lazy\" class=\"alignnone size-full wp-image-126\" src=\"http:\/\/providenceplastics.com\/es\/wp-content\/uploads\/2015\/12\/7681.jpg\" alt=\"768\" width=\"627\" height=\"46\" srcset=\"https:\/\/providenceplastics.com\/es\/wp-content\/uploads\/2015\/12\/7681.jpg 627w, https:\/\/providenceplastics.com\/es\/wp-content\/uploads\/2015\/12\/7681-300x22.jpg 300w, https:\/\/providenceplastics.com\/es\/wp-content\/uploads\/2015\/12\/7681-612x46.jpg 612w, https:\/\/providenceplastics.com\/es\/wp-content\/uploads\/2015\/12\/7681-420x31.jpg 420w\" sizes=\"(max-width: 627px) 100vw, 627px\" \/><\/p>\n<h4>Capacidades<\/h4>\n<div class=\"grid_6 alpha\"><img decoding=\"async\" loading=\"lazy\" class=\"alignnone wp-image-131\" src=\"http:\/\/providenceplastics.com\/es\/wp-content\/uploads\/2015\/12\/324.jpg\" alt=\"324\" width=\"437\" height=\"347\" srcset=\"https:\/\/providenceplastics.com\/es\/wp-content\/uploads\/2015\/12\/324.jpg 474w, https:\/\/providenceplastics.com\/es\/wp-content\/uploads\/2015\/12\/324-300x238.jpg 300w, https:\/\/providenceplastics.com\/es\/wp-content\/uploads\/2015\/12\/324-378x300.jpg 378w\" sizes=\"(max-width: 437px) 100vw, 437px\" \/><\/div>\n<div class=\"grid_6 omega\">\n<p><strong>Guiados por nuestro SISTEMA DE CALIDAD CERTIFICADO ISO 9000 servimos diversas industrias:<\/strong>Electrodom\u00e9sticos, Automotriz, El\u00e9ctrico, Hardware y Empaque. Tenemos experiencia en una amplia variedad de productos b\u00e1sicos y resinas de ingenier\u00eda como: PC, ABS, PP, PA6, POM, PBT, TPE, HDPE, LDPE, etc.<\/p>\n<p><strong>as\u00ed como moldeo con insertos, a trav\u00e9s de operaciones secundarias de moldeo y post moldeo:<\/strong><\/p>\n<p>Montaje, impresi\u00f3n en caliente, soldadura ultras\u00f3nica y Pad Printing. Sean piezas decorativas o funcionales nuestra maquinaria de moldeo de precisi\u00f3n puede producir piezas de peso de hasta 12.1 libras (8 kg).<\/p>\n<p>La fuerza de sujeci\u00f3n de nuestras prensas se extiende de 90 toneladas a 2,200 toneladas y el 70% de nuestra maquinaria es 2005 o m\u00e1s reciente.<\/p>\n<p>Nuestra nueva maquinaria permite hacer un proceso confiable que garantiza los componentes de calidad inyecci\u00f3n tras inyecci\u00f3n.<\/p>\n<\/div>\n","protected":false},"excerpt":{"rendered":"<p>Capacidades Guiados por nuestro SISTEMA DE CALIDAD CERTIFICADO ISO 9000 servimos diversas industrias:Electrodom\u00e9sticos, Automotriz, El\u00e9ctrico, Hardware y Empaque. Tenemos experiencia en una amplia variedad de productos b\u00e1sicos y resinas de ingenier\u00eda como: PC, ABS, PP, PA6, POM, PBT, TPE, HDPE, LDPE, etc. as\u00ed como moldeo con insertos, a trav\u00e9s de operaciones secundarias de moldeo y [&hellip;]<\/p>\n","protected":false},"author":1,"featured_media":0,"parent":0,"menu_order":0,"comment_status":"closed","ping_status":"closed","template":"","meta":[],"yoast_head":"<!-- This site is optimized with the Yoast SEO plugin v20.11 - https:\/\/yoast.com\/wordpress\/plugins\/seo\/ -->\n<title>Moldes de plastico para la industria automotriz, moldes de plastico para industria de alimentos<\/title>\n<meta name=\"description\" content=\"Moldes de plastico para la industria automotriz, moldes de plastico para industria de alimentos\" \/>\n<meta name=\"robots\" content=\"index, follow, max-snippet:-1, max-image-preview:large, max-video-preview:-1\" \/>\n<link rel=\"canonical\" href=\"https:\/\/providenceplastics.com\/es\/moldeo\/\" \/>\n<meta property=\"og:locale\" content=\"es_ES\" \/>\n<meta property=\"og:type\" content=\"article\" \/>\n<meta property=\"og:title\" content=\"Moldes de plastico para la industria automotriz, moldes de plastico para industria de alimentos\" \/>\n<meta property=\"og:description\" content=\"Moldes de plastico para la industria automotriz, moldes de plastico para industria de alimentos\" \/>\n<meta property=\"og:url\" content=\"https:\/\/providenceplastics.com\/es\/moldeo\/\" \/>\n<meta property=\"og:site_name\" content=\"Providence Plastics\" \/>\n<meta property=\"article:modified_time\" content=\"2017-07-24T22:47:25+00:00\" \/>\n<meta property=\"og:image\" content=\"http:\/\/providenceplastics.com\/es\/wp-content\/uploads\/2015\/12\/7681.jpg\" \/>\n<meta name=\"twitter:card\" content=\"summary_large_image\" \/>\n<meta name=\"twitter:label1\" content=\"Tiempo de lectura\" \/>\n\t<meta name=\"twitter:data1\" content=\"1 minuto\" \/>\n<script type=\"application\/ld+json\" class=\"yoast-schema-graph\">{\"@context\":\"https:\/\/schema.org\",\"@graph\":[{\"@type\":\"WebPage\",\"@id\":\"https:\/\/providenceplastics.com\/es\/moldeo\/\",\"url\":\"https:\/\/providenceplastics.com\/es\/moldeo\/\",\"name\":\"Moldes de plastico para la industria automotriz, moldes de plastico para industria de alimentos\",\"isPartOf\":{\"@id\":\"https:\/\/providenceplastics.com\/es\/#website\"},\"datePublished\":\"2015-12-02T14:57:11+00:00\",\"dateModified\":\"2017-07-24T22:47:25+00:00\",\"description\":\"Moldes de plastico para la industria automotriz, moldes de plastico para industria de alimentos\",\"breadcrumb\":{\"@id\":\"https:\/\/providenceplastics.com\/es\/moldeo\/#breadcrumb\"},\"inLanguage\":\"es\",\"potentialAction\":[{\"@type\":\"ReadAction\",\"target\":[\"https:\/\/providenceplastics.com\/es\/moldeo\/\"]}]},{\"@type\":\"BreadcrumbList\",\"@id\":\"https:\/\/providenceplastics.com\/es\/moldeo\/#breadcrumb\",\"itemListElement\":[{\"@type\":\"ListItem\",\"position\":1,\"name\":\"Home\",\"item\":\"https:\/\/providenceplastics.com\/es\/\"},{\"@type\":\"ListItem\",\"position\":2,\"name\":\"Moldeo\"}]},{\"@type\":\"WebSite\",\"@id\":\"https:\/\/providenceplastics.com\/es\/#website\",\"url\":\"https:\/\/providenceplastics.com\/es\/\",\"name\":\"Providence Plastics\",\"description\":\"\",\"potentialAction\":[{\"@type\":\"SearchAction\",\"target\":{\"@type\":\"EntryPoint\",\"urlTemplate\":\"https:\/\/providenceplastics.com\/es\/?s={search_term_string}\"},\"query-input\":\"required name=search_term_string\"}],\"inLanguage\":\"es\"}]}<\/script>\n<!-- \/ Yoast SEO plugin. -->","yoast_head_json":{"title":"Moldes de plastico para la industria automotriz, moldes de plastico para industria de alimentos","description":"Moldes de plastico para la industria automotriz, moldes de plastico para industria de alimentos","robots":{"index":"index","follow":"follow","max-snippet":"max-snippet:-1","max-image-preview":"max-image-preview:large","max-video-preview":"max-video-preview:-1"},"canonical":"https:\/\/providenceplastics.com\/es\/moldeo\/","og_locale":"es_ES","og_type":"article","og_title":"Moldes de plastico para la industria automotriz, moldes de plastico para industria de alimentos","og_description":"Moldes de plastico para la industria automotriz, moldes de plastico para industria de alimentos","og_url":"https:\/\/providenceplastics.com\/es\/moldeo\/","og_site_name":"Providence Plastics","article_modified_time":"2017-07-24T22:47:25+00:00","og_image":[{"url":"http:\/\/providenceplastics.com\/es\/wp-content\/uploads\/2015\/12\/7681.jpg"}],"twitter_card":"summary_large_image","twitter_misc":{"Tiempo de lectura":"1 minuto"},"schema":{"@context":"https:\/\/schema.org","@graph":[{"@type":"WebPage","@id":"https:\/\/providenceplastics.com\/es\/moldeo\/","url":"https:\/\/providenceplastics.com\/es\/moldeo\/","name":"Moldes de plastico para la industria automotriz, moldes de plastico para industria de alimentos","isPartOf":{"@id":"https:\/\/providenceplastics.com\/es\/#website"},"datePublished":"2015-12-02T14:57:11+00:00","dateModified":"2017-07-24T22:47:25+00:00","description":"Moldes de plastico para la industria automotriz, moldes de plastico para industria de alimentos","breadcrumb":{"@id":"https:\/\/providenceplastics.com\/es\/moldeo\/#breadcrumb"},"inLanguage":"es","potentialAction":[{"@type":"ReadAction","target":["https:\/\/providenceplastics.com\/es\/moldeo\/"]}]},{"@type":"BreadcrumbList","@id":"https:\/\/providenceplastics.com\/es\/moldeo\/#breadcrumb","itemListElement":[{"@type":"ListItem","position":1,"name":"Home","item":"https:\/\/providenceplastics.com\/es\/"},{"@type":"ListItem","position":2,"name":"Moldeo"}]},{"@type":"WebSite","@id":"https:\/\/providenceplastics.com\/es\/#website","url":"https:\/\/providenceplastics.com\/es\/","name":"Providence Plastics","description":"","potentialAction":[{"@type":"SearchAction","target":{"@type":"EntryPoint","urlTemplate":"https:\/\/providenceplastics.com\/es\/?s={search_term_string}"},"query-input":"required name=search_term_string"}],"inLanguage":"es"}]}},"_links":{"self":[{"href":"https:\/\/providenceplastics.com\/es\/wp-json\/wp\/v2\/pages\/19"}],"collection":[{"href":"https:\/\/providenceplastics.com\/es\/wp-json\/wp\/v2\/pages"}],"about":[{"href":"https:\/\/providenceplastics.com\/es\/wp-json\/wp\/v2\/types\/page"}],"author":[{"embeddable":true,"href":"https:\/\/providenceplastics.com\/es\/wp-json\/wp\/v2\/users\/1"}],"replies":[{"embeddable":true,"href":"https:\/\/providenceplastics.com\/es\/wp-json\/wp\/v2\/comments?post=19"}],"version-history":[{"count":19,"href":"https:\/\/providenceplastics.com\/es\/wp-json\/wp\/v2\/pages\/19\/revisions"}],"predecessor-version":[{"id":251,"href":"https:\/\/providenceplastics.com\/es\/wp-json\/wp\/v2\/pages\/19\/revisions\/251"}],"wp:attachment":[{"href":"https:\/\/providenceplastics.com\/es\/wp-json\/wp\/v2\/media?parent=19"}],"curies":[{"name":"wp","href":"https:\/\/api.w.org\/{rel}","templated":true}]}}