{"id":17,"date":"2015-12-02T08:56:55","date_gmt":"2015-12-02T14:56:55","guid":{"rendered":"http:\/\/providenceplastics.com\/es\/?page_id=17"},"modified":"2017-07-17T17:11:17","modified_gmt":"2017-07-17T23:11:17","slug":"clientes","status":"publish","type":"page","link":"https:\/\/providenceplastics.com\/es\/clientes\/","title":{"rendered":"Clientes"},"content":{"rendered":"<h4>Diversificaci\u00f3n<\/h4>\n<p><strong>Providencia Plastics<\/strong>\u00a0es un proveedor preferido de las empresas l\u00edderes en el mercado dentro de la industria automotriz, electrodom\u00e9sticos y los mercados industriales.<\/p>\n<p>Nuestros componentes de precisi\u00f3n est\u00e1n en los productos finales de las siguientes empresas:<\/p>\n<p><img decoding=\"async\" loading=\"lazy\" class=\"wp-image-117 alignleft\" src=\"http:\/\/providenceplastics.com\/es\/wp-content\/uploads\/2015\/12\/logos.jpg\" alt=\"logos\" width=\"729\" height=\"204\" srcset=\"https:\/\/providenceplastics.com\/es\/wp-content\/uploads\/2015\/12\/logos.jpg 940w, https:\/\/providenceplastics.com\/es\/wp-content\/uploads\/2015\/12\/logos-300x84.jpg 300w, https:\/\/providenceplastics.com\/es\/wp-content\/uploads\/2015\/12\/logos-420x118.jpg 420w\" sizes=\"(max-width: 729px) 100vw, 729px\" \/><\/p>\n","protected":false},"excerpt":{"rendered":"<p>Diversificaci\u00f3n Providencia Plastics\u00a0es un proveedor preferido de las empresas l\u00edderes en el mercado dentro de la industria automotriz, electrodom\u00e9sticos y los mercados industriales. Nuestros componentes de precisi\u00f3n est\u00e1n en los productos finales de las siguientes empresas:<\/p>\n","protected":false},"author":1,"featured_media":0,"parent":0,"menu_order":0,"comment_status":"closed","ping_status":"closed","template":"","meta":[],"yoast_head":"<!-- This site is optimized with the Yoast SEO plugin v20.11 - https:\/\/yoast.com\/wordpress\/plugins\/seo\/ -->\n<title>Inyecci\u00f3n de plastico, moldes de plastico, empresa de inyecci\u00f3n de plasticos mexico<\/title>\n<meta name=\"description\" content=\"Inyecci\u00f3n de plastico, moldes de plastico, empresa de inyecci\u00f3n de plasticos mexico\" \/>\n<meta name=\"robots\" content=\"index, follow, max-snippet:-1, max-image-preview:large, max-video-preview:-1\" \/>\n<link rel=\"canonical\" href=\"https:\/\/providenceplastics.com\/es\/clientes\/\" \/>\n<meta property=\"og:locale\" content=\"es_ES\" \/>\n<meta property=\"og:type\" content=\"article\" \/>\n<meta property=\"og:title\" content=\"Inyecci\u00f3n de plastico, moldes de plastico, empresa de inyecci\u00f3n de plasticos mexico\" \/>\n<meta property=\"og:description\" content=\"Inyecci\u00f3n de plastico, moldes de plastico, empresa de inyecci\u00f3n de plasticos mexico\" \/>\n<meta property=\"og:url\" content=\"https:\/\/providenceplastics.com\/es\/clientes\/\" \/>\n<meta property=\"og:site_name\" content=\"Providence Plastics\" \/>\n<meta property=\"article:modified_time\" content=\"2017-07-17T23:11:17+00:00\" \/>\n<meta property=\"og:image\" content=\"http:\/\/providenceplastics.com\/es\/wp-content\/uploads\/2015\/12\/logos.jpg\" \/>\n<meta name=\"twitter:card\" content=\"summary_large_image\" \/>\n<script type=\"application\/ld+json\" class=\"yoast-schema-graph\">{\"@context\":\"https:\/\/schema.org\",\"@graph\":[{\"@type\":\"WebPage\",\"@id\":\"https:\/\/providenceplastics.com\/es\/clientes\/\",\"url\":\"https:\/\/providenceplastics.com\/es\/clientes\/\",\"name\":\"Inyecci\u00f3n de plastico, moldes de plastico, empresa de inyecci\u00f3n de plasticos mexico\",\"isPartOf\":{\"@id\":\"https:\/\/providenceplastics.com\/es\/#website\"},\"datePublished\":\"2015-12-02T14:56:55+00:00\",\"dateModified\":\"2017-07-17T23:11:17+00:00\",\"description\":\"Inyecci\u00f3n de plastico, moldes de plastico, empresa de inyecci\u00f3n de plasticos mexico\",\"breadcrumb\":{\"@id\":\"https:\/\/providenceplastics.com\/es\/clientes\/#breadcrumb\"},\"inLanguage\":\"es\",\"potentialAction\":[{\"@type\":\"ReadAction\",\"target\":[\"https:\/\/providenceplastics.com\/es\/clientes\/\"]}]},{\"@type\":\"BreadcrumbList\",\"@id\":\"https:\/\/providenceplastics.com\/es\/clientes\/#breadcrumb\",\"itemListElement\":[{\"@type\":\"ListItem\",\"position\":1,\"name\":\"Home\",\"item\":\"https:\/\/providenceplastics.com\/es\/\"},{\"@type\":\"ListItem\",\"position\":2,\"name\":\"Clientes\"}]},{\"@type\":\"WebSite\",\"@id\":\"https:\/\/providenceplastics.com\/es\/#website\",\"url\":\"https:\/\/providenceplastics.com\/es\/\",\"name\":\"Providence Plastics\",\"description\":\"\",\"potentialAction\":[{\"@type\":\"SearchAction\",\"target\":{\"@type\":\"EntryPoint\",\"urlTemplate\":\"https:\/\/providenceplastics.com\/es\/?s={search_term_string}\"},\"query-input\":\"required name=search_term_string\"}],\"inLanguage\":\"es\"}]}<\/script>\n<!-- \/ Yoast SEO plugin. -->","yoast_head_json":{"title":"Inyecci\u00f3n de plastico, moldes de plastico, empresa de inyecci\u00f3n de plasticos mexico","description":"Inyecci\u00f3n de plastico, moldes de plastico, empresa de inyecci\u00f3n de plasticos mexico","robots":{"index":"index","follow":"follow","max-snippet":"max-snippet:-1","max-image-preview":"max-image-preview:large","max-video-preview":"max-video-preview:-1"},"canonical":"https:\/\/providenceplastics.com\/es\/clientes\/","og_locale":"es_ES","og_type":"article","og_title":"Inyecci\u00f3n de plastico, moldes de plastico, empresa de inyecci\u00f3n de plasticos mexico","og_description":"Inyecci\u00f3n de plastico, moldes de plastico, empresa de inyecci\u00f3n de plasticos mexico","og_url":"https:\/\/providenceplastics.com\/es\/clientes\/","og_site_name":"Providence Plastics","article_modified_time":"2017-07-17T23:11:17+00:00","og_image":[{"url":"http:\/\/providenceplastics.com\/es\/wp-content\/uploads\/2015\/12\/logos.jpg"}],"twitter_card":"summary_large_image","schema":{"@context":"https:\/\/schema.org","@graph":[{"@type":"WebPage","@id":"https:\/\/providenceplastics.com\/es\/clientes\/","url":"https:\/\/providenceplastics.com\/es\/clientes\/","name":"Inyecci\u00f3n de plastico, moldes de plastico, empresa de inyecci\u00f3n de plasticos mexico","isPartOf":{"@id":"https:\/\/providenceplastics.com\/es\/#website"},"datePublished":"2015-12-02T14:56:55+00:00","dateModified":"2017-07-17T23:11:17+00:00","description":"Inyecci\u00f3n de plastico, moldes de plastico, empresa de inyecci\u00f3n de plasticos mexico","breadcrumb":{"@id":"https:\/\/providenceplastics.com\/es\/clientes\/#breadcrumb"},"inLanguage":"es","potentialAction":[{"@type":"ReadAction","target":["https:\/\/providenceplastics.com\/es\/clientes\/"]}]},{"@type":"BreadcrumbList","@id":"https:\/\/providenceplastics.com\/es\/clientes\/#breadcrumb","itemListElement":[{"@type":"ListItem","position":1,"name":"Home","item":"https:\/\/providenceplastics.com\/es\/"},{"@type":"ListItem","position":2,"name":"Clientes"}]},{"@type":"WebSite","@id":"https:\/\/providenceplastics.com\/es\/#website","url":"https:\/\/providenceplastics.com\/es\/","name":"Providence Plastics","description":"","potentialAction":[{"@type":"SearchAction","target":{"@type":"EntryPoint","urlTemplate":"https:\/\/providenceplastics.com\/es\/?s={search_term_string}"},"query-input":"required name=search_term_string"}],"inLanguage":"es"}]}},"_links":{"self":[{"href":"https:\/\/providenceplastics.com\/es\/wp-json\/wp\/v2\/pages\/17"}],"collection":[{"href":"https:\/\/providenceplastics.com\/es\/wp-json\/wp\/v2\/pages"}],"about":[{"href":"https:\/\/providenceplastics.com\/es\/wp-json\/wp\/v2\/types\/page"}],"author":[{"embeddable":true,"href":"https:\/\/providenceplastics.com\/es\/wp-json\/wp\/v2\/users\/1"}],"replies":[{"embeddable":true,"href":"https:\/\/providenceplastics.com\/es\/wp-json\/wp\/v2\/comments?post=17"}],"version-history":[{"count":11,"href":"https:\/\/providenceplastics.com\/es\/wp-json\/wp\/v2\/pages\/17\/revisions"}],"predecessor-version":[{"id":246,"href":"https:\/\/providenceplastics.com\/es\/wp-json\/wp\/v2\/pages\/17\/revisions\/246"}],"wp:attachment":[{"href":"https:\/\/providenceplastics.com\/es\/wp-json\/wp\/v2\/media?parent=17"}],"curies":[{"name":"wp","href":"https:\/\/api.w.org\/{rel}","templated":true}]}}