{"id":15,"date":"2015-12-02T08:56:41","date_gmt":"2015-12-02T14:56:41","guid":{"rendered":"http:\/\/providenceplastics.com\/es\/?page_id=15"},"modified":"2017-07-24T08:55:31","modified_gmt":"2017-07-24T14:55:31","slug":"nuestras-industrias","status":"publish","type":"page","link":"https:\/\/providenceplastics.com\/es\/nuestras-industrias\/","title":{"rendered":"Nuestras Industrias"},"content":{"rendered":"<p><img decoding=\"async\" loading=\"lazy\" class=\"aligncenter size-full wp-image-113\" src=\"http:\/\/providenceplastics.com\/es\/wp-content\/uploads\/2015\/12\/6578.jpg\" alt=\"6578\" width=\"939\" height=\"237\" srcset=\"https:\/\/providenceplastics.com\/es\/wp-content\/uploads\/2015\/12\/6578.jpg 939w, https:\/\/providenceplastics.com\/es\/wp-content\/uploads\/2015\/12\/6578-300x76.jpg 300w, https:\/\/providenceplastics.com\/es\/wp-content\/uploads\/2015\/12\/6578-420x106.jpg 420w\" sizes=\"(max-width: 939px) 100vw, 939px\" \/><br \/>\nPara seguir adelante, uno de nuestros objetivos ha sido mantener una lista de clientes diversificada. Esta diversificaci\u00f3n incluye clientes de los sectores m\u00e1s importantes como:<\/p>\n<ul class=\"list-1\">\n<li>Automotriz<\/li>\n<li>Electrodom\u00e9sticos<\/li>\n<li>Industrial<\/li>\n<li>M\u00e9dico y Cuidado de la Salud<\/li>\n<li>Empaques<\/li>\n<\/ul>\n<p>El modelo de negocio de Providence Plastics es diversificar nuestra base de clientes y las industrias a las que servimos.<\/p>\n<p>Nuestro objetivo es que las ventas por sector o cliente no superen el 30% del total.<\/p>\n<p>Nuestro portafolio diversificado incluye productos de las industrias de electrodom\u00e9sticos, automotriz, electricidad, industrial y empaque.<\/p>\n","protected":false},"excerpt":{"rendered":"<p>Para seguir adelante, uno de nuestros objetivos ha sido mantener una lista de clientes diversificada. Esta diversificaci\u00f3n incluye clientes de los sectores m\u00e1s importantes como: Automotriz Electrodom\u00e9sticos Industrial M\u00e9dico y Cuidado de la Salud Empaques El modelo de negocio de Providence Plastics es diversificar nuestra base de clientes y las industrias a las que servimos. [&hellip;]<\/p>\n","protected":false},"author":1,"featured_media":0,"parent":0,"menu_order":0,"comment_status":"closed","ping_status":"closed","template":"","meta":[],"yoast_head":"<!-- This site is optimized with the Yoast SEO plugin v20.11 - https:\/\/yoast.com\/wordpress\/plugins\/seo\/ -->\n<title>Industria de inyecci\u00f3n de plastico en M\u00e9xico, proveedores de pl\u00e1stico en Nuevo Leon<\/title>\n<meta name=\"description\" content=\"Industria de inyecci\u00f3n de plastico en M\u00e9xico, proveedores de pl\u00e1stico en Nuevo Leon\" \/>\n<meta name=\"robots\" content=\"index, follow, max-snippet:-1, max-image-preview:large, max-video-preview:-1\" \/>\n<link rel=\"canonical\" href=\"https:\/\/providenceplastics.com\/es\/nuestras-industrias\/\" \/>\n<meta property=\"og:locale\" content=\"es_ES\" \/>\n<meta property=\"og:type\" content=\"article\" \/>\n<meta property=\"og:title\" content=\"Industria de inyecci\u00f3n de plastico en M\u00e9xico, proveedores de pl\u00e1stico en Nuevo Leon\" \/>\n<meta property=\"og:description\" content=\"Industria de inyecci\u00f3n de plastico en M\u00e9xico, proveedores de pl\u00e1stico en Nuevo Leon\" \/>\n<meta property=\"og:url\" content=\"https:\/\/providenceplastics.com\/es\/nuestras-industrias\/\" \/>\n<meta property=\"og:site_name\" content=\"Providence Plastics\" \/>\n<meta property=\"article:modified_time\" content=\"2017-07-24T14:55:31+00:00\" \/>\n<meta property=\"og:image\" content=\"http:\/\/providenceplastics.com\/es\/wp-content\/uploads\/2015\/12\/6578.jpg\" \/>\n<meta name=\"twitter:card\" content=\"summary_large_image\" \/>\n<script type=\"application\/ld+json\" class=\"yoast-schema-graph\">{\"@context\":\"https:\/\/schema.org\",\"@graph\":[{\"@type\":\"WebPage\",\"@id\":\"https:\/\/providenceplastics.com\/es\/nuestras-industrias\/\",\"url\":\"https:\/\/providenceplastics.com\/es\/nuestras-industrias\/\",\"name\":\"Industria de inyecci\u00f3n de plastico en M\u00e9xico, proveedores de pl\u00e1stico en Nuevo Leon\",\"isPartOf\":{\"@id\":\"https:\/\/providenceplastics.com\/es\/#website\"},\"datePublished\":\"2015-12-02T14:56:41+00:00\",\"dateModified\":\"2017-07-24T14:55:31+00:00\",\"description\":\"Industria de inyecci\u00f3n de plastico en M\u00e9xico, proveedores de pl\u00e1stico en Nuevo Leon\",\"breadcrumb\":{\"@id\":\"https:\/\/providenceplastics.com\/es\/nuestras-industrias\/#breadcrumb\"},\"inLanguage\":\"es\",\"potentialAction\":[{\"@type\":\"ReadAction\",\"target\":[\"https:\/\/providenceplastics.com\/es\/nuestras-industrias\/\"]}]},{\"@type\":\"BreadcrumbList\",\"@id\":\"https:\/\/providenceplastics.com\/es\/nuestras-industrias\/#breadcrumb\",\"itemListElement\":[{\"@type\":\"ListItem\",\"position\":1,\"name\":\"Home\",\"item\":\"https:\/\/providenceplastics.com\/es\/\"},{\"@type\":\"ListItem\",\"position\":2,\"name\":\"Nuestras Industrias\"}]},{\"@type\":\"WebSite\",\"@id\":\"https:\/\/providenceplastics.com\/es\/#website\",\"url\":\"https:\/\/providenceplastics.com\/es\/\",\"name\":\"Providence Plastics\",\"description\":\"\",\"potentialAction\":[{\"@type\":\"SearchAction\",\"target\":{\"@type\":\"EntryPoint\",\"urlTemplate\":\"https:\/\/providenceplastics.com\/es\/?s={search_term_string}\"},\"query-input\":\"required name=search_term_string\"}],\"inLanguage\":\"es\"}]}<\/script>\n<!-- \/ Yoast SEO plugin. -->","yoast_head_json":{"title":"Industria de inyecci\u00f3n de plastico en M\u00e9xico, proveedores de pl\u00e1stico en Nuevo Leon","description":"Industria de inyecci\u00f3n de plastico en M\u00e9xico, proveedores de pl\u00e1stico en Nuevo Leon","robots":{"index":"index","follow":"follow","max-snippet":"max-snippet:-1","max-image-preview":"max-image-preview:large","max-video-preview":"max-video-preview:-1"},"canonical":"https:\/\/providenceplastics.com\/es\/nuestras-industrias\/","og_locale":"es_ES","og_type":"article","og_title":"Industria de inyecci\u00f3n de plastico en M\u00e9xico, proveedores de pl\u00e1stico en Nuevo Leon","og_description":"Industria de inyecci\u00f3n de plastico en M\u00e9xico, proveedores de pl\u00e1stico en Nuevo Leon","og_url":"https:\/\/providenceplastics.com\/es\/nuestras-industrias\/","og_site_name":"Providence Plastics","article_modified_time":"2017-07-24T14:55:31+00:00","og_image":[{"url":"http:\/\/providenceplastics.com\/es\/wp-content\/uploads\/2015\/12\/6578.jpg"}],"twitter_card":"summary_large_image","schema":{"@context":"https:\/\/schema.org","@graph":[{"@type":"WebPage","@id":"https:\/\/providenceplastics.com\/es\/nuestras-industrias\/","url":"https:\/\/providenceplastics.com\/es\/nuestras-industrias\/","name":"Industria de inyecci\u00f3n de plastico en M\u00e9xico, proveedores de pl\u00e1stico en Nuevo Leon","isPartOf":{"@id":"https:\/\/providenceplastics.com\/es\/#website"},"datePublished":"2015-12-02T14:56:41+00:00","dateModified":"2017-07-24T14:55:31+00:00","description":"Industria de inyecci\u00f3n de plastico en M\u00e9xico, proveedores de pl\u00e1stico en Nuevo Leon","breadcrumb":{"@id":"https:\/\/providenceplastics.com\/es\/nuestras-industrias\/#breadcrumb"},"inLanguage":"es","potentialAction":[{"@type":"ReadAction","target":["https:\/\/providenceplastics.com\/es\/nuestras-industrias\/"]}]},{"@type":"BreadcrumbList","@id":"https:\/\/providenceplastics.com\/es\/nuestras-industrias\/#breadcrumb","itemListElement":[{"@type":"ListItem","position":1,"name":"Home","item":"https:\/\/providenceplastics.com\/es\/"},{"@type":"ListItem","position":2,"name":"Nuestras Industrias"}]},{"@type":"WebSite","@id":"https:\/\/providenceplastics.com\/es\/#website","url":"https:\/\/providenceplastics.com\/es\/","name":"Providence Plastics","description":"","potentialAction":[{"@type":"SearchAction","target":{"@type":"EntryPoint","urlTemplate":"https:\/\/providenceplastics.com\/es\/?s={search_term_string}"},"query-input":"required name=search_term_string"}],"inLanguage":"es"}]}},"_links":{"self":[{"href":"https:\/\/providenceplastics.com\/es\/wp-json\/wp\/v2\/pages\/15"}],"collection":[{"href":"https:\/\/providenceplastics.com\/es\/wp-json\/wp\/v2\/pages"}],"about":[{"href":"https:\/\/providenceplastics.com\/es\/wp-json\/wp\/v2\/types\/page"}],"author":[{"embeddable":true,"href":"https:\/\/providenceplastics.com\/es\/wp-json\/wp\/v2\/users\/1"}],"replies":[{"embeddable":true,"href":"https:\/\/providenceplastics.com\/es\/wp-json\/wp\/v2\/comments?post=15"}],"version-history":[{"count":8,"href":"https:\/\/providenceplastics.com\/es\/wp-json\/wp\/v2\/pages\/15\/revisions"}],"predecessor-version":[{"id":213,"href":"https:\/\/providenceplastics.com\/es\/wp-json\/wp\/v2\/pages\/15\/revisions\/213"}],"wp:attachment":[{"href":"https:\/\/providenceplastics.com\/es\/wp-json\/wp\/v2\/media?parent=15"}],"curies":[{"name":"wp","href":"https:\/\/api.w.org\/{rel}","templated":true}]}}