{"id":13,"date":"2015-12-02T08:56:26","date_gmt":"2015-12-02T14:56:26","guid":{"rendered":"http:\/\/providenceplastics.com\/es\/?page_id=13"},"modified":"2017-07-24T08:47:14","modified_gmt":"2017-07-24T14:47:14","slug":"facts-about-n-l","status":"publish","type":"page","link":"https:\/\/providenceplastics.com\/es\/facts-about-n-l\/","title":{"rendered":"Datos Acerca de N.L"},"content":{"rendered":"<h4>Nuevo Le\u00f3n<\/h4>\n<div class=\"grid_6 alpha\"><img decoding=\"async\" loading=\"lazy\" class=\"wp-image-83 aligncenter\" src=\"http:\/\/providenceplastics.com\/es\/wp-content\/uploads\/2015\/12\/325.jpg\" alt=\"325\" width=\"353\" height=\"350\" srcset=\"https:\/\/providenceplastics.com\/es\/wp-content\/uploads\/2015\/12\/325.jpg 411w, https:\/\/providenceplastics.com\/es\/wp-content\/uploads\/2015\/12\/325-150x150.jpg 150w, https:\/\/providenceplastics.com\/es\/wp-content\/uploads\/2015\/12\/325-300x298.jpg 300w, https:\/\/providenceplastics.com\/es\/wp-content\/uploads\/2015\/12\/325-302x300.jpg 302w, https:\/\/providenceplastics.com\/es\/wp-content\/uploads\/2015\/12\/325-66x66.jpg 66w\" sizes=\"(max-width: 353px) 100vw, 353px\" \/><\/div>\n<div class=\"grid_6 omega\">\n<ul class=\"list-1\">\n<li>4.2% de la poblaci\u00f3n total de M\u00e9xico (5.1 millones de habitantes).<\/li>\n<li>Nuevo Leon representa 7,4% del PIB total del pa\u00eds, equivalente a $83.9 mil millones de d\u00f3lares (2015).<\/li>\n<li>Productor del 10.9% de todos los bienes de M\u00e9xico fabricado con $21.6 mil millones de d\u00f3lares.<\/li>\n<li>$ 16,495.30 d\u00f3lares per c\u00e1pita (2015).<\/li>\n<li>La cantidad total de las exportaciones de Nuevo Le\u00f3n fue $40.2 mil millones de d\u00f3lares en 2015. 10.6% de las Exportaciones totales de M\u00e9xico.<\/li>\n<li>La nueva inversi\u00f3n extranjera organizada por nuestro estado excede de 1,218 $ mil millones de d\u00f3lares para el primer semestre de 2015 que represent\u00f3 el 8,9% del total nacional.<\/li>\n<li>Nuevo Le\u00f3n cuenta con m\u00e1s de 1.800 empresas extranjeras; 97 de ellos establecieron en los \u00faltimos dos a\u00f1os.<\/li>\n<li>El hogar de 30 universidades, con los programas acad\u00e9micos de clase mundial.<\/li>\n<\/ul>\n<\/div>\n<div class=\"clear\"><\/div>\n<h4>Un Estado de Avance<\/h4>\n<p>\u00abNuevo Le\u00f3n le da la bienvenida a la capital comercial de M\u00e9xico. el desarrollo industrial del estado se remonta a mediados de la d\u00e9cada de 1800, cuando se establecieron las empresas productoras de textiles, cerveza, acero y otros materiales industriales. En el siglo XX, el fortalecimiento de estas industrias, junto con una mayor diversificaci\u00f3n en vidrio, metal mec\u00e1nica, el cemento y los servicios educativos, ayud\u00f3 a consolidar la posici\u00f3n de liderazgo del estado \u00ab.<\/p>\n<p>\u00abDurante las \u00faltimas dos d\u00e9cadas, otros sectores din\u00e1micos han surgido, incluyendo piezas de autom\u00f3viles, procesamiento de alimentos, desarrollo de software y servicios financieros. Hoy en d\u00eda, nuestra econom\u00eda bien diversificada y moderna representa el 11% de la producci\u00f3n total de fabricaci\u00f3n de M\u00e9xico y que son ampliamente reconocidos por nuestra cultura empresarial, la piscina de \u00e9lite de talento directivo, y la actitud de negocios \u00ab.<\/p>\n<p>\u00abM\u00e1s de 1.800 empresas extranjeras se establecen actualmente en Nuevo Le\u00f3n. Estas empresas se han a\u00f1adido a las muchas empresas mexicanas y sectores industriales. Juntos han realizado Nuevo Le\u00f3n un estado competitivo, progresiva en varias \u00e1reas, incluyendo: la industria del autom\u00f3vil, los electrodom\u00e9sticos y equipos electr\u00f3nicos. Estas empresas tambi\u00e9n est\u00e1n ayudando a desarrollar clusters que caracterizar\u00e1n Nuevo Le\u00f3n, en el futuro, incluyendo la industria aeroespacial, software, servicios m\u00e9dicos especializados y la biotecnolog\u00eda. Todos estos factores animar\u00e1 a nuestro estado para pasar de una econom\u00eda basada en la manufactura a una econom\u00eda basada en el conocimiento \u00ab.<\/p>\n<p>\u00abGracias por darnos la oportunidad de compartir las ventajas de Nuevo Le\u00f3n con su compa\u00f1\u00eda. Te invitamos a explorar sus opciones dentro de Nuevo Le\u00f3n, un estado de progreso\u00bb<\/p>\n","protected":false},"excerpt":{"rendered":"<p>Nuevo Le\u00f3n 4.2% de la poblaci\u00f3n total de M\u00e9xico (5.1 millones de habitantes). Nuevo Leon representa 7,4% del PIB total del pa\u00eds, equivalente a $83.9 mil millones de d\u00f3lares (2015). Productor del 10.9% de todos los bienes de M\u00e9xico fabricado con $21.6 mil millones de d\u00f3lares. $ 16,495.30 d\u00f3lares per c\u00e1pita (2015). La cantidad total [&hellip;]<\/p>\n","protected":false},"author":1,"featured_media":0,"parent":0,"menu_order":0,"comment_status":"closed","ping_status":"closed","template":"","meta":[],"yoast_head":"<!-- This site is optimized with the Yoast SEO plugin v20.11 - https:\/\/yoast.com\/wordpress\/plugins\/seo\/ -->\n<title>Industria del plastico en nuevo leon, Inyecci\u00f3n de plastico nuevo leon, plastico en nuevo leon<\/title>\n<meta name=\"description\" content=\"Industria del plastico en nuevo leon, Inyecci\u00f3n de plastico nuevo leon, plastico en nuevo leon\" \/>\n<meta name=\"robots\" content=\"index, follow, max-snippet:-1, max-image-preview:large, max-video-preview:-1\" \/>\n<link rel=\"canonical\" href=\"https:\/\/providenceplastics.com\/es\/facts-about-n-l\/\" \/>\n<meta property=\"og:locale\" content=\"es_ES\" \/>\n<meta property=\"og:type\" content=\"article\" \/>\n<meta property=\"og:title\" content=\"Industria del plastico en nuevo leon, Inyecci\u00f3n de plastico nuevo leon, plastico en nuevo leon\" \/>\n<meta property=\"og:description\" content=\"Industria del plastico en nuevo leon, Inyecci\u00f3n de plastico nuevo leon, plastico en nuevo leon\" \/>\n<meta property=\"og:url\" content=\"https:\/\/providenceplastics.com\/es\/facts-about-n-l\/\" \/>\n<meta property=\"og:site_name\" content=\"Providence Plastics\" \/>\n<meta property=\"article:modified_time\" content=\"2017-07-24T14:47:14+00:00\" \/>\n<meta property=\"og:image\" content=\"http:\/\/providenceplastics.com\/es\/wp-content\/uploads\/2015\/12\/325.jpg\" \/>\n<meta name=\"twitter:card\" content=\"summary_large_image\" \/>\n<meta name=\"twitter:label1\" content=\"Tiempo de lectura\" \/>\n\t<meta name=\"twitter:data1\" content=\"2 minutos\" \/>\n<script type=\"application\/ld+json\" class=\"yoast-schema-graph\">{\"@context\":\"https:\/\/schema.org\",\"@graph\":[{\"@type\":\"WebPage\",\"@id\":\"https:\/\/providenceplastics.com\/es\/facts-about-n-l\/\",\"url\":\"https:\/\/providenceplastics.com\/es\/facts-about-n-l\/\",\"name\":\"Industria del plastico en nuevo leon, Inyecci\u00f3n de plastico nuevo leon, plastico en nuevo leon\",\"isPartOf\":{\"@id\":\"https:\/\/providenceplastics.com\/es\/#website\"},\"datePublished\":\"2015-12-02T14:56:26+00:00\",\"dateModified\":\"2017-07-24T14:47:14+00:00\",\"description\":\"Industria del plastico en nuevo leon, Inyecci\u00f3n de plastico nuevo leon, plastico en nuevo leon\",\"breadcrumb\":{\"@id\":\"https:\/\/providenceplastics.com\/es\/facts-about-n-l\/#breadcrumb\"},\"inLanguage\":\"es\",\"potentialAction\":[{\"@type\":\"ReadAction\",\"target\":[\"https:\/\/providenceplastics.com\/es\/facts-about-n-l\/\"]}]},{\"@type\":\"BreadcrumbList\",\"@id\":\"https:\/\/providenceplastics.com\/es\/facts-about-n-l\/#breadcrumb\",\"itemListElement\":[{\"@type\":\"ListItem\",\"position\":1,\"name\":\"Home\",\"item\":\"https:\/\/providenceplastics.com\/es\/\"},{\"@type\":\"ListItem\",\"position\":2,\"name\":\"Datos Acerca de N.L\"}]},{\"@type\":\"WebSite\",\"@id\":\"https:\/\/providenceplastics.com\/es\/#website\",\"url\":\"https:\/\/providenceplastics.com\/es\/\",\"name\":\"Providence Plastics\",\"description\":\"\",\"potentialAction\":[{\"@type\":\"SearchAction\",\"target\":{\"@type\":\"EntryPoint\",\"urlTemplate\":\"https:\/\/providenceplastics.com\/es\/?s={search_term_string}\"},\"query-input\":\"required name=search_term_string\"}],\"inLanguage\":\"es\"}]}<\/script>\n<!-- \/ Yoast SEO plugin. -->","yoast_head_json":{"title":"Industria del plastico en nuevo leon, Inyecci\u00f3n de plastico nuevo leon, plastico en nuevo leon","description":"Industria del plastico en nuevo leon, Inyecci\u00f3n de plastico nuevo leon, plastico en nuevo leon","robots":{"index":"index","follow":"follow","max-snippet":"max-snippet:-1","max-image-preview":"max-image-preview:large","max-video-preview":"max-video-preview:-1"},"canonical":"https:\/\/providenceplastics.com\/es\/facts-about-n-l\/","og_locale":"es_ES","og_type":"article","og_title":"Industria del plastico en nuevo leon, Inyecci\u00f3n de plastico nuevo leon, plastico en nuevo leon","og_description":"Industria del plastico en nuevo leon, Inyecci\u00f3n de plastico nuevo leon, plastico en nuevo leon","og_url":"https:\/\/providenceplastics.com\/es\/facts-about-n-l\/","og_site_name":"Providence Plastics","article_modified_time":"2017-07-24T14:47:14+00:00","og_image":[{"url":"http:\/\/providenceplastics.com\/es\/wp-content\/uploads\/2015\/12\/325.jpg"}],"twitter_card":"summary_large_image","twitter_misc":{"Tiempo de lectura":"2 minutos"},"schema":{"@context":"https:\/\/schema.org","@graph":[{"@type":"WebPage","@id":"https:\/\/providenceplastics.com\/es\/facts-about-n-l\/","url":"https:\/\/providenceplastics.com\/es\/facts-about-n-l\/","name":"Industria del plastico en nuevo leon, Inyecci\u00f3n de plastico nuevo leon, plastico en nuevo leon","isPartOf":{"@id":"https:\/\/providenceplastics.com\/es\/#website"},"datePublished":"2015-12-02T14:56:26+00:00","dateModified":"2017-07-24T14:47:14+00:00","description":"Industria del plastico en nuevo leon, Inyecci\u00f3n de plastico nuevo leon, plastico en nuevo leon","breadcrumb":{"@id":"https:\/\/providenceplastics.com\/es\/facts-about-n-l\/#breadcrumb"},"inLanguage":"es","potentialAction":[{"@type":"ReadAction","target":["https:\/\/providenceplastics.com\/es\/facts-about-n-l\/"]}]},{"@type":"BreadcrumbList","@id":"https:\/\/providenceplastics.com\/es\/facts-about-n-l\/#breadcrumb","itemListElement":[{"@type":"ListItem","position":1,"name":"Home","item":"https:\/\/providenceplastics.com\/es\/"},{"@type":"ListItem","position":2,"name":"Datos Acerca de N.L"}]},{"@type":"WebSite","@id":"https:\/\/providenceplastics.com\/es\/#website","url":"https:\/\/providenceplastics.com\/es\/","name":"Providence Plastics","description":"","potentialAction":[{"@type":"SearchAction","target":{"@type":"EntryPoint","urlTemplate":"https:\/\/providenceplastics.com\/es\/?s={search_term_string}"},"query-input":"required name=search_term_string"}],"inLanguage":"es"}]}},"_links":{"self":[{"href":"https:\/\/providenceplastics.com\/es\/wp-json\/wp\/v2\/pages\/13"}],"collection":[{"href":"https:\/\/providenceplastics.com\/es\/wp-json\/wp\/v2\/pages"}],"about":[{"href":"https:\/\/providenceplastics.com\/es\/wp-json\/wp\/v2\/types\/page"}],"author":[{"embeddable":true,"href":"https:\/\/providenceplastics.com\/es\/wp-json\/wp\/v2\/users\/1"}],"replies":[{"embeddable":true,"href":"https:\/\/providenceplastics.com\/es\/wp-json\/wp\/v2\/comments?post=13"}],"version-history":[{"count":23,"href":"https:\/\/providenceplastics.com\/es\/wp-json\/wp\/v2\/pages\/13\/revisions"}],"predecessor-version":[{"id":207,"href":"https:\/\/providenceplastics.com\/es\/wp-json\/wp\/v2\/pages\/13\/revisions\/207"}],"wp:attachment":[{"href":"https:\/\/providenceplastics.com\/es\/wp-json\/wp\/v2\/media?parent=13"}],"curies":[{"name":"wp","href":"https:\/\/api.w.org\/{rel}","templated":true}]}}