{"id":11,"date":"2015-12-02T08:55:22","date_gmt":"2015-12-02T14:55:22","guid":{"rendered":"http:\/\/providenceplastics.com\/es\/?page_id=11"},"modified":"2017-07-24T16:49:26","modified_gmt":"2017-07-24T22:49:26","slug":"ubicacion","status":"publish","type":"page","link":"https:\/\/providenceplastics.com\/es\/ubicacion\/","title":{"rendered":"Ubicaci\u00f3n"},"content":{"rendered":"<p><img decoding=\"async\" loading=\"lazy\" class=\"aligncenter size-full wp-image-108\" src=\"http:\/\/providenceplastics.com\/es\/wp-content\/uploads\/2015\/12\/location.jpg\" alt=\"location\" width=\"932\" height=\"455\" srcset=\"https:\/\/providenceplastics.com\/es\/wp-content\/uploads\/2015\/12\/location.jpg 932w, https:\/\/providenceplastics.com\/es\/wp-content\/uploads\/2015\/12\/location-300x146.jpg 300w, https:\/\/providenceplastics.com\/es\/wp-content\/uploads\/2015\/12\/location-420x205.jpg 420w\" sizes=\"(max-width: 932px) 100vw, 932px\" \/><\/p>\n<div class=\"grid_6 alpha\">\n<h4>\u00bfDonde Estamos?<\/h4>\n<p>Apoyamos a empresas de Clase Mundial de la localidad entregando piezas de pl\u00e1stico en sitio y a las empresas de de los EE.UU. surti\u00e9ndoles piezas de pl\u00e1stico y ensambles con alto contenido de Valor Agregado.<\/p>\n<p>Situado en una zona estrat\u00e9gica en el norte de M\u00e9xico, estamos bien conectados a los EE.UU. a trav\u00e9s de la Carretera NAFTA y podemos transportar productos a Laredo, TX en un d\u00eda.<\/p>\n<h4>Ubicaci\u00f3n<\/h4>\n<p>Providence Plastics tiene una oficina de Ventas e Ingenier\u00eda en San Antonio, TX USA.<\/p>\n<p>La operaci\u00f3n de fabricaci\u00f3n de Providence Plastics se encuentra estrat\u00e9gicamente ubicada en el \u00e1rea metropolitana de Monterrey, en el estado de Nuevo Le\u00f3n, M\u00e9xico.<\/p>\n<\/div>\n<div class=\"grid_6 omega\">\n<h4>Ubicaci\u00f3n \u2013 Env\u00edo Plazos de Entrega &#8211; EE.UU<\/h4>\n<table>\n<tbody>\n<tr class=\"head\">\n<td>Ciudad<\/td>\n<td>km.<\/td>\n<td>Miles<\/td>\n<td>Tiempo de entrega de la carga consolidada<\/td>\n<\/tr>\n<tr>\n<td>San Antonio, TX<\/td>\n<td>477<\/td>\n<td>297<\/td>\n<td>2 &#8211; 3 d\u00edas laborales<\/td>\n<\/tr>\n<tr>\n<td>Nueva Orleans, LA<\/td>\n<td>1345<\/td>\n<td>836<\/td>\n<td>4 &#8211; 5 d\u00edas laborales<\/td>\n<\/tr>\n<tr>\n<td>Phoenix, AZ<\/td>\n<td>2051<\/td>\n<td>1275<\/td>\n<td>5 &#8211; 7 d\u00edas laborales<\/td>\n<\/tr>\n<tr>\n<td>Atlanta, GA<\/td>\n<td>2063<\/td>\n<td>1282<\/td>\n<td>3 &#8211; 5 d\u00edas laborales<\/td>\n<\/tr>\n<tr>\n<td>Chicago, IL<\/td>\n<td>2470<\/td>\n<td>1535<\/td>\n<td>5 &#8211; 7 d\u00edas laborales<\/td>\n<\/tr>\n<tr>\n<td>Los Angeles, CA<\/td>\n<td>2650<\/td>\n<td>1647<\/td>\n<td>5 &#8211; 7 d\u00edas laborales<\/td>\n<\/tr>\n<tr>\n<td>Miami, FL<\/td>\n<td>2694<\/td>\n<td>1674<\/td>\n<td>5 &#8211; 7 d\u00edas laborales<\/td>\n<\/tr>\n<tr>\n<td>Detroit, MI<\/td>\n<td>2837<\/td>\n<td>1763<\/td>\n<td>5 &#8211; 7 d\u00edas laborales<\/td>\n<\/tr>\n<tr>\n<td>Nueva York, NY<\/td>\n<td>3413<\/td>\n<td>2121<\/td>\n<td>6 &#8211; 8 d\u00edas laborales<\/td>\n<\/tr>\n<\/tbody>\n<\/table>\n<\/div>\n","protected":false},"excerpt":{"rendered":"<p>\u00bfDonde Estamos? Apoyamos a empresas de Clase Mundial de la localidad entregando piezas de pl\u00e1stico en sitio y a las empresas de de los EE.UU. surti\u00e9ndoles piezas de pl\u00e1stico y ensambles con alto contenido de Valor Agregado. Situado en una zona estrat\u00e9gica en el norte de M\u00e9xico, estamos bien conectados a los EE.UU. a trav\u00e9s [&hellip;]<\/p>\n","protected":false},"author":1,"featured_media":0,"parent":0,"menu_order":0,"comment_status":"closed","ping_status":"closed","template":"","meta":[],"yoast_head":"<!-- This site is optimized with the Yoast SEO plugin v20.11 - https:\/\/yoast.com\/wordpress\/plugins\/seo\/ -->\n<title>Fabrica de inyecci\u00f3n de plasticos en Monterrey NL, Inyecci\u00f3n de plastico Mexico, Moldes de plastico mexico<\/title>\n<meta name=\"description\" content=\"Fabrica de inyecci\u00f3n de plasticos en Monterrey NL, Inyecci\u00f3n de plastico Mexico, Moldes de plastico mexico\" \/>\n<meta name=\"robots\" content=\"index, follow, max-snippet:-1, max-image-preview:large, max-video-preview:-1\" \/>\n<link rel=\"canonical\" href=\"https:\/\/providenceplastics.com\/es\/ubicacion\/\" \/>\n<meta property=\"og:locale\" content=\"es_ES\" \/>\n<meta property=\"og:type\" content=\"article\" \/>\n<meta property=\"og:title\" content=\"Fabrica de inyecci\u00f3n de plasticos en Monterrey NL, Inyecci\u00f3n de plastico Mexico, Moldes de plastico mexico\" \/>\n<meta property=\"og:description\" content=\"Fabrica de inyecci\u00f3n de plasticos en Monterrey NL, Inyecci\u00f3n de plastico Mexico, Moldes de plastico mexico\" \/>\n<meta property=\"og:url\" content=\"https:\/\/providenceplastics.com\/es\/ubicacion\/\" \/>\n<meta property=\"og:site_name\" content=\"Providence Plastics\" \/>\n<meta property=\"article:modified_time\" content=\"2017-07-24T22:49:26+00:00\" \/>\n<meta property=\"og:image\" content=\"http:\/\/providenceplastics.com\/es\/wp-content\/uploads\/2015\/12\/location.jpg\" \/>\n<meta name=\"twitter:card\" content=\"summary_large_image\" \/>\n<meta name=\"twitter:label1\" content=\"Tiempo de lectura\" \/>\n\t<meta name=\"twitter:data1\" content=\"1 minuto\" \/>\n<script type=\"application\/ld+json\" class=\"yoast-schema-graph\">{\"@context\":\"https:\/\/schema.org\",\"@graph\":[{\"@type\":\"WebPage\",\"@id\":\"https:\/\/providenceplastics.com\/es\/ubicacion\/\",\"url\":\"https:\/\/providenceplastics.com\/es\/ubicacion\/\",\"name\":\"Fabrica de inyecci\u00f3n de plasticos en Monterrey NL, Inyecci\u00f3n de plastico Mexico, Moldes de plastico mexico\",\"isPartOf\":{\"@id\":\"https:\/\/providenceplastics.com\/es\/#website\"},\"datePublished\":\"2015-12-02T14:55:22+00:00\",\"dateModified\":\"2017-07-24T22:49:26+00:00\",\"description\":\"Fabrica de inyecci\u00f3n de plasticos en Monterrey NL, Inyecci\u00f3n de plastico Mexico, Moldes de plastico mexico\",\"breadcrumb\":{\"@id\":\"https:\/\/providenceplastics.com\/es\/ubicacion\/#breadcrumb\"},\"inLanguage\":\"es\",\"potentialAction\":[{\"@type\":\"ReadAction\",\"target\":[\"https:\/\/providenceplastics.com\/es\/ubicacion\/\"]}]},{\"@type\":\"BreadcrumbList\",\"@id\":\"https:\/\/providenceplastics.com\/es\/ubicacion\/#breadcrumb\",\"itemListElement\":[{\"@type\":\"ListItem\",\"position\":1,\"name\":\"Home\",\"item\":\"https:\/\/providenceplastics.com\/es\/\"},{\"@type\":\"ListItem\",\"position\":2,\"name\":\"Ubicaci\u00f3n\"}]},{\"@type\":\"WebSite\",\"@id\":\"https:\/\/providenceplastics.com\/es\/#website\",\"url\":\"https:\/\/providenceplastics.com\/es\/\",\"name\":\"Providence Plastics\",\"description\":\"\",\"potentialAction\":[{\"@type\":\"SearchAction\",\"target\":{\"@type\":\"EntryPoint\",\"urlTemplate\":\"https:\/\/providenceplastics.com\/es\/?s={search_term_string}\"},\"query-input\":\"required name=search_term_string\"}],\"inLanguage\":\"es\"}]}<\/script>\n<!-- \/ Yoast SEO plugin. -->","yoast_head_json":{"title":"Fabrica de inyecci\u00f3n de plasticos en Monterrey NL, Inyecci\u00f3n de plastico Mexico, Moldes de plastico mexico","description":"Fabrica de inyecci\u00f3n de plasticos en Monterrey NL, Inyecci\u00f3n de plastico Mexico, Moldes de plastico mexico","robots":{"index":"index","follow":"follow","max-snippet":"max-snippet:-1","max-image-preview":"max-image-preview:large","max-video-preview":"max-video-preview:-1"},"canonical":"https:\/\/providenceplastics.com\/es\/ubicacion\/","og_locale":"es_ES","og_type":"article","og_title":"Fabrica de inyecci\u00f3n de plasticos en Monterrey NL, Inyecci\u00f3n de plastico Mexico, Moldes de plastico mexico","og_description":"Fabrica de inyecci\u00f3n de plasticos en Monterrey NL, Inyecci\u00f3n de plastico Mexico, Moldes de plastico mexico","og_url":"https:\/\/providenceplastics.com\/es\/ubicacion\/","og_site_name":"Providence Plastics","article_modified_time":"2017-07-24T22:49:26+00:00","og_image":[{"url":"http:\/\/providenceplastics.com\/es\/wp-content\/uploads\/2015\/12\/location.jpg"}],"twitter_card":"summary_large_image","twitter_misc":{"Tiempo de lectura":"1 minuto"},"schema":{"@context":"https:\/\/schema.org","@graph":[{"@type":"WebPage","@id":"https:\/\/providenceplastics.com\/es\/ubicacion\/","url":"https:\/\/providenceplastics.com\/es\/ubicacion\/","name":"Fabrica de inyecci\u00f3n de plasticos en Monterrey NL, Inyecci\u00f3n de plastico Mexico, Moldes de plastico mexico","isPartOf":{"@id":"https:\/\/providenceplastics.com\/es\/#website"},"datePublished":"2015-12-02T14:55:22+00:00","dateModified":"2017-07-24T22:49:26+00:00","description":"Fabrica de inyecci\u00f3n de plasticos en Monterrey NL, Inyecci\u00f3n de plastico Mexico, Moldes de plastico mexico","breadcrumb":{"@id":"https:\/\/providenceplastics.com\/es\/ubicacion\/#breadcrumb"},"inLanguage":"es","potentialAction":[{"@type":"ReadAction","target":["https:\/\/providenceplastics.com\/es\/ubicacion\/"]}]},{"@type":"BreadcrumbList","@id":"https:\/\/providenceplastics.com\/es\/ubicacion\/#breadcrumb","itemListElement":[{"@type":"ListItem","position":1,"name":"Home","item":"https:\/\/providenceplastics.com\/es\/"},{"@type":"ListItem","position":2,"name":"Ubicaci\u00f3n"}]},{"@type":"WebSite","@id":"https:\/\/providenceplastics.com\/es\/#website","url":"https:\/\/providenceplastics.com\/es\/","name":"Providence Plastics","description":"","potentialAction":[{"@type":"SearchAction","target":{"@type":"EntryPoint","urlTemplate":"https:\/\/providenceplastics.com\/es\/?s={search_term_string}"},"query-input":"required name=search_term_string"}],"inLanguage":"es"}]}},"_links":{"self":[{"href":"https:\/\/providenceplastics.com\/es\/wp-json\/wp\/v2\/pages\/11"}],"collection":[{"href":"https:\/\/providenceplastics.com\/es\/wp-json\/wp\/v2\/pages"}],"about":[{"href":"https:\/\/providenceplastics.com\/es\/wp-json\/wp\/v2\/types\/page"}],"author":[{"embeddable":true,"href":"https:\/\/providenceplastics.com\/es\/wp-json\/wp\/v2\/users\/1"}],"replies":[{"embeddable":true,"href":"https:\/\/providenceplastics.com\/es\/wp-json\/wp\/v2\/comments?post=11"}],"version-history":[{"count":17,"href":"https:\/\/providenceplastics.com\/es\/wp-json\/wp\/v2\/pages\/11\/revisions"}],"predecessor-version":[{"id":210,"href":"https:\/\/providenceplastics.com\/es\/wp-json\/wp\/v2\/pages\/11\/revisions\/210"}],"wp:attachment":[{"href":"https:\/\/providenceplastics.com\/es\/wp-json\/wp\/v2\/media?parent=11"}],"curies":[{"name":"wp","href":"https:\/\/api.w.org\/{rel}","templated":true}]}}